{"id":43,"date":"2021-07-08T15:19:22","date_gmt":"2021-07-08T13:19:22","guid":{"rendered":"https:\/\/www.jcloew-avocat.fr\/?page_id=43"},"modified":"2025-01-07T19:04:39","modified_gmt":"2025-01-07T18:04:39","slug":"mentions-legales","status":"publish","type":"page","link":"https:\/\/www.jcloew-avocat.fr\/de\/mentions-legales\/","title":{"rendered":"Rechtliche Informationen"},"content":{"rendered":"<h3 style=\"text-align: center;\">Ma\u00eetre Jean-Christophe LOEW<br \/>\nAvocat au Barreau de Mulhouse<\/h3>\n<p style=\"text-align: center;\">Ancien membre du Conseil de l\u2019Ordre<br \/>\n29 boulevard de l&#8217;Europe, Etage 8<br \/>\n68 100 Mulhouse<br \/>\nTel : <a href=\"tel:09.88.51.69.28\">09.88.51.69.28<\/a><br \/>\n<a href=\"mailto:jcrhistloew@orange.fr\">jc-loew@orange.fr<\/a><\/p>\n<p style=\"text-align: center;\"><strong>SIREN 441144128 \u2013 TVA INTRACOMMUNAUTAIRE FR 92 441144128<\/strong><\/p>\n<hr \/>\n<h2 style=\"text-align: center;\"><strong>Exploitant du site<\/strong><\/h2>\n<p style=\"text-align: center;\">Ma\u00eetre Jean-Christophe LOEW<br \/>\nAvocat au Barreau de Mulhouse<br \/>\nAdresse du cabinet :<br \/>\n29 boulevard de l&#8217;Europe, Etage 8<br \/>\n68100 Mulhouse<br \/>\nFrance<\/p>\n<h2 style=\"text-align: center;\"><strong>\u00c9diteur du site<\/strong><\/h2>\n<p style=\"text-align: center;\">GLC (GROUPE LARGER COMMUNICATION)<br \/>\nDirecteur de la publication : Monsieur Guillaume LARGER<br \/>\nDirecteur de la re\u0301daction : Monsieur Guillaume LARGER<br \/>\nSite re\u0301alise\u0301 par Agence GLC.<br \/>\nHe\u0301bergeur du site : GLC (GROUPE LARGER COMMUNICATION)<br \/>\nSarl au capital de 7622\u20ac<br \/>\nSie\u0300ge social : 19, rue de Mulhouse \u00e0 68390 Sausheim, France<br \/>\nTVA intracommunautaire : 794 032 189 020 0043<\/p>\n<p style=\"text-align: center;\">Immatricule\u0301e au RCS de Mulhouse TI 403 218 902<br \/>\nTel : (+33) (0)3.89.66.29.52<\/p>\n<h2 style=\"text-align: center;\"><strong>Contacts<\/strong><\/h2>\n<p style=\"text-align: center;\">Email : <a href=\"mailto:jcrhistloew@orange.fr\">jc-loew@orange.fr<\/a><br \/>\nCourrier : Mai\u0302tre Jean-Christophe LOEW, 29 boulevard de l&#8217;Europe, Etage 8 \u00e0 68100 Mulhouse<br \/>\nTel : (+33) <a href=\"tel:09.88.51.69.28\">09.88.51.69.28<\/a><\/p>\n<p>&nbsp;<\/p>\n<h2 style=\"text-align: center;\"><strong>Conditions d&#8217;utilisation du site<\/strong><\/h2>\n<p style=\"text-align: center;\">Merci de bien vouloir lire attentivement l&#8217;inte\u0301gralite\u0301 des pre\u0301sentes conditions d&#8217;utilisation avant de consulter le site.<\/p>\n<p style=\"text-align: center;\">Les pre\u0301sentes conditions d&#8217;utilisation ont pour finalite\u0301 de de\u0301finir les modalite\u0301s d&#8217;utilisation et de consultation du site www.jcloew-avocat.fr propose\u0301es aux internautes par Mai\u0302tre Jean-Christophe LOEW.<\/p>\n<p style=\"text-align: center;\">Ce site de pre\u0301sentation de nos services est mis gratuitement a\u0300 votre disposition (hors frais de connexion au site).<\/p>\n<p style=\"text-align: center;\">Par ailleurs, la consultation et l&#8217;utilisation de ce site impliquent votre acceptation pleine et entie\u0300re de l&#8217;ensemble de ses conditions d&#8217;utilisation. Les pre\u0301sentes dispositions s&#8217;entendent sans pre\u0301judice des dispositions le\u0301gales applicables.<\/p>\n<p style=\"text-align: center;\">Dans l&#8217;hypothe\u0300se ou\u0300 vous ne seriez pas en accord avec tout ou partie des conditions d&#8217;utilisation fixe\u0301es ci-apre\u0300s, veuillez ne pas utiliser ce site.<\/p>\n<h2 style=\"text-align: center;\"><strong>Titularite\u0301 des droits<\/strong><\/h2>\n<p style=\"text-align: center;\">Tous les e\u0301le\u0301ments du site tels que les textes, images, images anime\u0301es, logos, e\u0301le\u0301ments sonores, vide\u0301os, ico\u0302nes, mises en page, bases de donne\u0301es et logiciels sont prote\u0301ge\u0301s par le droit national et international de la proprie\u0301te\u0301 intellectuelle. Ces e\u0301le\u0301ments restent la proprie\u0301te\u0301 exclusive de Mai\u0302tre Jean-Christophe LOEW.<\/p>\n<p style=\"text-align: center;\">A\u0300 ce titre, sauf autorisation pre\u0301alable de Mai\u0302tre Jean-Christophe LOEW, vous ne pouvez proce\u0301der a\u0300 une quelconque reproduction, repre\u0301sentation, adaptation, modification, traduction et\/ou transformation partielle ou inte\u0301grale, ou un transfert sur un autre site web de tout e\u0301le\u0301ment composant ce site.<\/p>\n<p style=\"text-align: center;\">Le non-respect de cette interdiction est susceptible de constituer un acte de contrefac\u0327on sanctionne\u0301 par les articles L.335-2 et suivants du Code de la Proprie\u0301te\u0301 Intellectuelle et engager la responsabilite\u0301 civile ou pe\u0301nale de l&#8217;internaute.<\/p>\n<p style=\"text-align: center;\">Il en est de me\u0302me pour les bases de donne\u0301es, figurant le cas e\u0301che\u0301ant sur le site web, qui sont prote\u0301ge\u0301es par les dispositions de la loi du 1er juillet 1998 portant transposition dans le Code de la Proprie\u0301te\u0301 Intellectuelle de la directive 96\/9\/CE du 11 mars 1996 relative a\u0300 la protection juridique des bases de donne\u0301es, et dont Mai\u0302tre Jean-Christophe LOEW est producteur.<\/p>\n<p style=\"text-align: center;\">Les marques et logos reproduits sur ce site ne peuvent faire l&#8217;objet d&#8217;aucune reproduction, re\u0301e\u0301dition ou redistribution, par quelque moyen que ce soit, sans autorisation pre\u0301alable et e\u0301crite de leur titulaire. Toute reproduction totale ou partielle de ces marques ou de ces logos effectue\u0301e a\u0300 partir des e\u0301le\u0301ments du site sans l&#8217;autorisation expresse de Mai\u0302tre Jean-Christophe LOEW est prohibe\u0301e au sens du Code de la Proprie\u0301te\u0301 Intellectuelle.<\/p>\n<h2 style=\"text-align: center;\"><strong>Liens hypertextes<\/strong><\/h2>\n<p style=\"text-align: center;\">A\u0300 l&#8217;exception de sites diffusant des informations ou des contenus ayant un caracte\u0300re ille\u0301gal et\/ou religieux, politique, pornographique, x\u00e9nophobe, vous pouvez cre\u0301er des liens hypertextes, vers n\u2019importe quelle page de ce site, sous la re\u0301serve que ceux-ci ouvrent le site dans une nouvelle fene\u0302tre de navigation et soient pre\u0301sente\u0301s de manie\u0300re non e\u0301quivoque afin d&#8217;e\u0301viter tout risque de confusion entre le site citant et le pre\u0301sent site et\/ou toute pre\u0301sentation tendancieuse, ou contraire aux lois en vigueur.<\/p>\n<h2 style=\"text-align: center;\"><strong>Obligations de l&#8217;internaute<br \/>\n<\/strong><\/h2>\n<p style=\"text-align: center;\">L&#8217;internaute s&#8217;engage, lors de la consultation ou l&#8217;utilisation qu&#8217;il fera du site, a\u0300 ne pas contrevenir a\u0300 la le\u0301gislation, a\u0300 la re\u0301glementation, aux usages en vigueur, aux inte\u0301re\u0302ts le\u0301gitimes\u00a0des tiers et de Mai\u0302tre Jean-Christophe LOEW.<\/p>\n<p style=\"text-align: center;\">A\u0300 ce titre, l&#8217;internaute s&#8217;engage a\u0300 respecter notamment : les droits de la personne (tels que le droit a\u0300 l&#8217;image et le droit au respect de la vie prive\u0301e), les droits des marques, les droits d&#8217;auteurs (notamment sur les logiciels, les sons, les images, les photographies, les textes, les images anime\u0301es) et les droits voisins (artistes interpre\u0300tes, producteurs de phonogrammes et de vide\u0301ogrammes, et les droits sui generis des producteurs de bases de donne\u0301es), et d&#8217;une manie\u0300re ge\u0301ne\u0301rale, les droits des personnes et des biens.<\/p>\n<p style=\"text-align: center;\">Par ailleurs, l&#8217;internaute s&#8217;engage a\u0300 ne pas perturber ou tenter de perturber le fonctionnement et\/ou l&#8217;accessibilite\u0301 du site et\/ou de l&#8217;un de ses services ou son contenu, ou d&#8217;utiliser le site a\u0300 des fins e\u0301trange\u0300res a\u0300 l&#8217;objet du site.<\/p>\n<p style=\"text-align: center;\">L&#8217;internaute s&#8217;engage a\u0300 respecter l&#8217;image et la re\u0301putation de Mai\u0302tre Jean-Christophe LOEW et a\u0300 ne pas se livrer a\u0300 des de\u0301clarations et\/ou des actions quelconques pouvant porter atteinte a\u0300 Mai\u0302tre Jean-Christophe LOEW.<\/p>\n<h2 style=\"text-align: center;\"><strong>Cookies<\/strong><\/h2>\n<p style=\"text-align: center;\">Les utilisateurs du site sont informe\u0301s qu&#8217;en acce\u0301dant a\u0300 www.jcloew-avocat.fr, des informations peuvent e\u0302tre temporairement conserve\u0301es en me\u0301moire ou sur leur disque dur afin de faciliter leur navigation (identifiants de connexion a\u0300 leur compte). Ainsi, il ne sera plus ne\u0301cessaire lors des prochaines visites de saisir a\u0300 nouveau ces informations.<\/p>\n<p style=\"text-align: center;\">Par ailleurs, l&#8217;internaute reconnai\u0302t avoir pris connaissance de cette pratique et autorise l&#8217;e\u0301diteur a\u0300 l&#8217;employer.<\/p>\n<p style=\"text-align: center;\">En poursuivant la navigation sur www.jcloew-avocat.fr, l\u2019internaute accepte l\u2019utilisation de cookies ou traceurs pour :<\/p>\n<ul>\n<li style=\"text-align: center;\">proposer entre autres des publicite\u0301s ou offres adapte\u0301es a\u0300 ses centres d\u2019inte\u0301re\u0302ts ;<\/li>\n<li style=\"text-align: center;\">re\u0301aliser des statistiques de visites.<\/li>\n<\/ul>\n<p style=\"text-align: center;\">Sont concerne\u0301s les traceurs de\u0301pose\u0301s et lus par exemple lors de la consultation du site, de la lecture d&#8217;un courrier e\u0301lectronique provenant de notre site quel que soit le type de terminal utilise\u0301 tels qu&#8217;un ordinateur, un smartphone, une liseuse nume\u0301rique connecte\u0301e a\u0300 internet.<br \/>\nConstituent des cookies : les cookies http, les cookies &#8220;flash&#8221;, le re\u0301sultat du calcul d&#8217;empreinte dans le cas du &#8220;fingerprinting&#8221; (calcul d&#8217;un identifiant unique de la machine base\u0301e sur des e\u0301le\u0301ments de sa configuration a\u0300 des fins de trac\u0327age), les pixels invisibles ou \u00ab web bugs \u00bb etc&#8230;<\/p>\n<p style=\"text-align: center;\">Toutefois, l&#8217;internaute dispose de la possibilite\u0301 de s&#8217;opposer a\u0300 l&#8217;enregistrement de ces \u00ab cookies \u00bb en configurant le navigateur de la manie\u0300re suivante :<\/p>\n<h3 style=\"text-align: center;\"><strong>Pour Google Chrome<\/strong><\/h3>\n<ol style=\"text-align: center;\">\n<li>Cliquez sur l\u2019ico\u0302ne &#8220;Personnaliser et contro\u0302ler Google Chrome&#8221; en haut a\u0300 droite<\/li>\n<li>Puis cliquez sur &#8220;Parame\u0300tres&#8221;<\/li>\n<li>Cliquez sur &#8220;Afficher les parame\u0300tres avance\u0301s&#8221;<\/li>\n<li>Dans la section &#8220;Confidentialite\u0301&#8221;, cliquez sur &#8220;Parame\u0300tres de contenu&#8221;<\/li>\n<li>Dans la section &#8220;Cookies&#8221;, se\u0301lectionnez les options qui vous conviennent<\/li>\n<\/ol>\n<h3 style=\"text-align: center;\"><strong>Pour Mozilla Firefox<\/strong><\/h3>\n<ol style=\"text-align: center;\">\n<li>Ouvrez le menu puis se\u0301lectionnez &#8220;Options&#8221;<\/li>\n<li>Cliquez sur l&#8217;ico\u0302ne &#8220;Vie prive\u0301e&#8221;<\/li>\n<li>Repe\u0301rez le menu &#8220;Cookies&#8221; et se\u0301lectionnez les options qui vous conviennent<\/li>\n<\/ol>\n<h3 style=\"text-align: center;\"><strong>Pour Microsoft Internet Explorer<\/strong><\/h3>\n<ol style=\"text-align: center;\">\n<li>Choisissez le menu &#8220;Outils&#8221; puis &#8220;Options Internet&#8221;<\/li>\n<li>Cliquez sur l&#8217;onglet &#8220;Confidentialite\u0301&#8221;<\/li>\n<li>Se\u0301lectionnez le niveau souhaite\u0301 a\u0300 l&#8217;aide du curseur<\/li>\n<\/ol>\n<h3 style=\"text-align: center;\"><strong>Pour Ope\u0301ra 6.0 et au-dela\u0300<\/strong><\/h3>\n<ol style=\"text-align: center;\">\n<li>Choisissez le menu &#8220;Fichier&#8221; &gt; &#8220;Pre\u0301fe\u0301rences&#8221;<\/li>\n<li>Cliquez sur &#8220;Vie prive\u0301e&#8221; puis se\u0301lectionnez les options qui vous conviennent<\/li>\n<\/ol>\n<h2 style=\"text-align: center;\"><strong>Limitation de responsabilit\u00e9<br \/>\n<\/strong><\/h2>\n<p style=\"text-align: center;\">L&#8217;e\u0301diteur de\u0301cline toute responsabilite\u0301 quant a\u0300 l&#8217;usage qui peut e\u0302tre fait des informations diffuse\u0301es sur ce site. La pre\u0301sence d&#8217;un lien hypertexte du site vers ou provenant d&#8217;un autre site ne constitue pas une garantie de celui-ci ou de son contenu. Il appartient a\u0300 l&#8217;internaute d&#8217;utiliser ces informations avec esprit critique et discernement.<br \/>\nMai\u0302tre Jean-Christophe LOEW met tout en \u0153uvre pour offrir aux utilisateurs des informations et\/ou des outils disponibles et ve\u0301rifie\u0301s mais ne saurait e\u0302tre tenu pour responsable des erreurs, d&#8217;une absence de disponibilite\u0301 des fonctionnalite\u0301s et\/ou de la pre\u0301sence de virus sur son site.<br \/>\nL&#8217;e\u0301diteur de\u0301cline toute responsabilite\u0301 pour tous les dommages directs ou indirects conse\u0301cutifs a\u0300 la diffusion par une tierce personne d&#8217;un virus par l&#8217;interme\u0301diaire du site et susceptible d&#8217;infecter le syste\u0300me informatique ou la configuration informatique de l&#8217;ordinateur de l&#8217;utilisateur a\u0300 la suite d&#8217;une connexion, d&#8217;une navigation, d&#8217;une utilisation de l\u2019une des fonctions de ce site ou a\u0300 un te\u0301le\u0301chargement sur ce dernier.<\/p>\n<h2 style=\"text-align: center;\"><strong>Dispositions diverses<br \/>\n<\/strong><\/h2>\n<p style=\"text-align: center;\">Mai\u0302tre Jean-Christophe LOEW se re\u0301serve le droit de modifier et\/ou de supprimer sans pre\u0301avis tout ou partie des informations ou des services propose\u0301s par le site. Par ailleurs, le contenu mis a\u0300 disposition sur le site est fourni a\u0300 titre informatif et il est possible qu&#8217;il comporte des erreurs typographiques ou omissions. Les informations qui y sont fournies ne sauraient dispenser l&#8217;utilisateur d&#8217;une analyse comple\u0301mentaire et personnalise\u0301e.<\/p>\n<p style=\"text-align: center;\">Mai\u0302tre Jean-Christophe LOEW ne saurait garantir l&#8217;exactitude, la comple\u0301tude, l&#8217;actualite\u0301 des informations diffuse\u0301es sur www.jcloew-avocat.fr. L&#8217;utilisateur reconnai\u0302t d\u00e8s lors utiliser ces informations sous sa responsabilite\u0301 exclusive.<\/p>\n<p style=\"text-align: center;\">Mai\u0302tre Jean-Christophe LOEW se re\u0301serve le droit de transfe\u0301rer, a\u0300 tout tiers de son choix et sous quelque forme que ce soit, les droits et obligations qu&#8217;il tient des pre\u0301sentes conditions d&#8217;utilisation, ce que vous reconnaissez accepter. Vous reconnaissez e\u0302tre informe\u0301 de l&#8217;existence des re\u0300gles et usages en vigueur sur Internet, ainsi que des diffe\u0301rents codes de de\u0301ontologie accessibles sur Internet.<\/p>\n<p style=\"text-align: center;\">La nullite\u0301 en tout ou partie d&#8217;une quelconque disposition des pre\u0301sentes conditions d&#8217;utilisation aux termes d&#8217;une disposition le\u0301gale ou re\u0301glementaire ou d&#8217;une de\u0301cision de justice devenue de\u0301finitive n&#8217;entrai\u0302ne pas la nullite\u0301 des autres dispositions ou de la partie de la disposition non entache\u0301e de nullite\u0301.<\/p>\n<h2 style=\"text-align: center;\"><strong>Comp\u00e9tence juridictionnelle et loi applicable<br \/>\n<\/strong><\/h2>\n<p style=\"text-align: center;\">Les pre\u0301sentes conditions d&#8217;utilisation sont re\u0301gies par la loi franc\u0327aise et toute difficulte\u0301 d&#8217;interpre\u0301tation, d&#8217;exe\u0301cution ou plus g\u00e9n\u00e9ralement, tout litige \u00e0 ce sujet rele\u0300vera exclusivement des tribunaux de Mulhouse.<\/p>\n<p>&nbsp;<\/p>","protected":false},"excerpt":{"rendered":"<p>Ma\u00eetre Jean-Christophe LOEW Avocat au Barreau de Mulhouse Ancien membre du Conseil de l\u2019Ordre 29 boulevard de l&#8217;Europe, Etage 8 68 100 Mulhouse Tel : 09.88.51.69.28 jc-loew@orange.fr SIREN 441144128 \u2013 TVA INTRACOMMUNAUTAIRE FR 92 441144128 Exploitant du site Ma\u00eetre Jean-Christophe LOEW Avocat au Barreau de Mulhouse Adresse du cabinet : 29 boulevard de l&#8217;Europe, Etage [&hellip;]<\/p>","protected":false},"author":1,"featured_media":0,"parent":0,"menu_order":0,"comment_status":"closed","ping_status":"closed","template":"","meta":{"footnotes":""},"class_list":["post-43","page","type-page","status-publish","hentry"],"yoast_head":"<!-- This site is optimized with the Yoast SEO plugin v27.3 - https:\/\/yoast.com\/product\/yoast-seo-wordpress\/ -->\n<title>Mentions l\u00e9gales - Jean-Christophe LOEW - Avocat<\/title>\n<meta name=\"robots\" content=\"noindex, follow\" \/>\n<meta property=\"og:locale\" content=\"de_DE\" \/>\n<meta property=\"og:type\" content=\"article\" \/>\n<meta property=\"og:title\" content=\"Mentions l\u00e9gales - Jean-Christophe LOEW - Avocat\" \/>\n<meta property=\"og:description\" content=\"Ma\u00eetre Jean-Christophe LOEW Avocat au Barreau de Mulhouse Ancien membre du Conseil de l\u2019Ordre 29 boulevard de l&#8217;Europe, Etage 8 68 100 Mulhouse Tel : 09.88.51.69.28 jc-loew@orange.fr SIREN 441144128 \u2013 TVA INTRACOMMUNAUTAIRE FR 92 441144128 Exploitant du site Ma\u00eetre Jean-Christophe LOEW Avocat au Barreau de Mulhouse Adresse du cabinet : 29 boulevard de l&#8217;Europe, Etage [&hellip;]\" \/>\n<meta property=\"og:url\" content=\"https:\/\/www.jcloew-avocat.fr\/de\/mentions-legales\/\" \/>\n<meta property=\"og:site_name\" content=\"Jean-Christophe LOEW - Avocat\" \/>\n<meta property=\"article:modified_time\" content=\"2025-01-07T18:04:39+00:00\" \/>\n<meta name=\"twitter:card\" content=\"summary_large_image\" \/>\n<meta name=\"twitter:label1\" content=\"Gesch\u00e4tzte Lesezeit\" \/>\n\t<meta name=\"twitter:data1\" content=\"8\u00a0Minuten\" \/>\n<script type=\"application\/ld+json\" class=\"yoast-schema-graph\">{\"@context\":\"https:\\\/\\\/schema.org\",\"@graph\":[{\"@type\":\"WebPage\",\"@id\":\"https:\\\/\\\/www.jcloew-avocat.fr\\\/mentions-legales\\\/\",\"url\":\"https:\\\/\\\/www.jcloew-avocat.fr\\\/mentions-legales\\\/\",\"name\":\"Mentions l\u00e9gales - Jean-Christophe LOEW - Avocat\",\"isPartOf\":{\"@id\":\"https:\\\/\\\/www.jcloew-avocat.fr\\\/#website\"},\"datePublished\":\"2021-07-08T13:19:22+00:00\",\"dateModified\":\"2025-01-07T18:04:39+00:00\",\"breadcrumb\":{\"@id\":\"https:\\\/\\\/www.jcloew-avocat.fr\\\/mentions-legales\\\/#breadcrumb\"},\"inLanguage\":\"de\",\"potentialAction\":[{\"@type\":\"ReadAction\",\"target\":[\"https:\\\/\\\/www.jcloew-avocat.fr\\\/mentions-legales\\\/\"]}]},{\"@type\":\"BreadcrumbList\",\"@id\":\"https:\\\/\\\/www.jcloew-avocat.fr\\\/mentions-legales\\\/#breadcrumb\",\"itemListElement\":[{\"@type\":\"ListItem\",\"position\":1,\"name\":\"Accueil\",\"item\":\"https:\\\/\\\/www.jcloew-avocat.fr\\\/\"},{\"@type\":\"ListItem\",\"position\":2,\"name\":\"Mentions l\u00e9gales\"}]},{\"@type\":\"WebSite\",\"@id\":\"https:\\\/\\\/www.jcloew-avocat.fr\\\/#website\",\"url\":\"https:\\\/\\\/www.jcloew-avocat.fr\\\/\",\"name\":\"Jean-Christophe LOEW - Avocat\",\"description\":\"Jean-Christophe LOEW, avocat au Barreau de Mulhouse\",\"potentialAction\":[{\"@type\":\"SearchAction\",\"target\":{\"@type\":\"EntryPoint\",\"urlTemplate\":\"https:\\\/\\\/www.jcloew-avocat.fr\\\/?s={search_term_string}\"},\"query-input\":{\"@type\":\"PropertyValueSpecification\",\"valueRequired\":true,\"valueName\":\"search_term_string\"}}],\"inLanguage\":\"de\"}]}<\/script>\n<!-- \/ Yoast SEO plugin. -->","yoast_head_json":{"title":"Mentions l\u00e9gales - Jean-Christophe LOEW - Avocat","robots":{"index":"noindex","follow":"follow"},"og_locale":"de_DE","og_type":"article","og_title":"Mentions l\u00e9gales - Jean-Christophe LOEW - Avocat","og_description":"Ma\u00eetre Jean-Christophe LOEW Avocat au Barreau de Mulhouse Ancien membre du Conseil de l\u2019Ordre 29 boulevard de l&#8217;Europe, Etage 8 68 100 Mulhouse Tel : 09.88.51.69.28 jc-loew@orange.fr SIREN 441144128 \u2013 TVA INTRACOMMUNAUTAIRE FR 92 441144128 Exploitant du site Ma\u00eetre Jean-Christophe LOEW Avocat au Barreau de Mulhouse Adresse du cabinet : 29 boulevard de l&#8217;Europe, Etage [&hellip;]","og_url":"https:\/\/www.jcloew-avocat.fr\/de\/mentions-legales\/","og_site_name":"Jean-Christophe LOEW - Avocat","article_modified_time":"2025-01-07T18:04:39+00:00","twitter_card":"summary_large_image","twitter_misc":{"Gesch\u00e4tzte Lesezeit":"8\u00a0Minuten"},"schema":{"@context":"https:\/\/schema.org","@graph":[{"@type":"WebPage","@id":"https:\/\/www.jcloew-avocat.fr\/mentions-legales\/","url":"https:\/\/www.jcloew-avocat.fr\/mentions-legales\/","name":"Mentions l\u00e9gales - Jean-Christophe LOEW - Avocat","isPartOf":{"@id":"https:\/\/www.jcloew-avocat.fr\/#website"},"datePublished":"2021-07-08T13:19:22+00:00","dateModified":"2025-01-07T18:04:39+00:00","breadcrumb":{"@id":"https:\/\/www.jcloew-avocat.fr\/mentions-legales\/#breadcrumb"},"inLanguage":"de","potentialAction":[{"@type":"ReadAction","target":["https:\/\/www.jcloew-avocat.fr\/mentions-legales\/"]}]},{"@type":"BreadcrumbList","@id":"https:\/\/www.jcloew-avocat.fr\/mentions-legales\/#breadcrumb","itemListElement":[{"@type":"ListItem","position":1,"name":"Accueil","item":"https:\/\/www.jcloew-avocat.fr\/"},{"@type":"ListItem","position":2,"name":"Mentions l\u00e9gales"}]},{"@type":"WebSite","@id":"https:\/\/www.jcloew-avocat.fr\/#website","url":"https:\/\/www.jcloew-avocat.fr\/","name":"Jean-Christophe LOEW - Rechstanwalt","description":"Jean-Christophe LOEW, Rechtsanwalt in M\u00fclhausen","potentialAction":[{"@type":"SearchAction","target":{"@type":"EntryPoint","urlTemplate":"https:\/\/www.jcloew-avocat.fr\/?s={search_term_string}"},"query-input":{"@type":"PropertyValueSpecification","valueRequired":true,"valueName":"search_term_string"}}],"inLanguage":"de"}]}},"_links":{"self":[{"href":"https:\/\/www.jcloew-avocat.fr\/de\/wp-json\/wp\/v2\/pages\/43","targetHints":{"allow":["GET"]}}],"collection":[{"href":"https:\/\/www.jcloew-avocat.fr\/de\/wp-json\/wp\/v2\/pages"}],"about":[{"href":"https:\/\/www.jcloew-avocat.fr\/de\/wp-json\/wp\/v2\/types\/page"}],"author":[{"embeddable":true,"href":"https:\/\/www.jcloew-avocat.fr\/de\/wp-json\/wp\/v2\/users\/1"}],"replies":[{"embeddable":true,"href":"https:\/\/www.jcloew-avocat.fr\/de\/wp-json\/wp\/v2\/comments?post=43"}],"version-history":[{"count":0,"href":"https:\/\/www.jcloew-avocat.fr\/de\/wp-json\/wp\/v2\/pages\/43\/revisions"}],"wp:attachment":[{"href":"https:\/\/www.jcloew-avocat.fr\/de\/wp-json\/wp\/v2\/media?parent=43"}],"curies":[{"name":"wp","href":"https:\/\/api.w.org\/{rel}","templated":true}]}}