{"id":29,"date":"2021-06-29T15:58:41","date_gmt":"2021-06-29T13:58:41","guid":{"rendered":"https:\/\/www.jcloew-avocat.fr\/?page_id=29"},"modified":"2022-05-12T16:17:37","modified_gmt":"2022-05-12T14:17:37","slug":"mes-honoraires","status":"publish","type":"page","link":"https:\/\/www.jcloew-avocat.fr\/de\/mes-honoraires\/","title":{"rendered":"Honoraren"},"content":{"rendered":"<p class=\"translation-block\">Lassen Sie sich beim ersten Gespr\u00e4ch von Ihrem Anwalt \u00fcber die voraussichtlich zu erwartenden Kosten informieren. Zu verg\u00fcten sind die gesamten anwaltlichen Bem\u00fchungen, auch das Erstgespr\u00e4ch. Grunds\u00e4tzlich kann das Anwaltshonorar frei vereinbart werden. Dabei sind der Streitwert, die Interessen, die Schwierigkeit und die Dringlichkeit des Falles zu ber\u00fccksichtigen. Au\u00dferdem kann eine finanziell bed\u00fcrftige Partei die Prozesskostenhilfe (aide juridictionnelle) beantragen.<\/p>\n<ul class=\"list-arrow\">\n<li>Honoraren vollkommen transparent, in den meisten F\u00e4llen einen Pauschal- und Gesamtbetrag<\/li>\n<li>Sie wissen von Beginn des Verfahrens an, wie hoch mein Honorar ist.<\/li>\n<li>M\u00f6glichkeit, in bestimmten F\u00e4llen ein Ergebnishonorar zu vereinbaren<\/li>\n<li><strong>gerne k\u00f6nnen Sie mich per E-Mail kontaktieren, um nach Ihrem Bedarf zu fragen, wie hoch mein Honorar ist<\/strong><\/li>\n<\/ul>\n<p>&nbsp;<\/p>\n<p>Par ailleurs, je vous informe que la loi 2015-990 du 6 ao\u00fbt 2015 fait obligation \u00e0 l&#8217;avocat de conclure par \u00e9crit avec son client une convention d&#8217;honoraires qui pr\u00e9cise, notamment, le montant et le mode de d\u00e9termination des honoraires couvrant les diligences pr\u00e9visibles ainsi que les divers frais et d\u00e9bours envisag\u00e9s.<\/p>","protected":false},"excerpt":{"rendered":"<p>Lors du premier entretien, demandez \u00e0 votre avocat de vous informer sur les honoraires et autres frais auxquels il faudra vous attendre. Les honoraires se calculent d\u2019apr\u00e8s les d\u00e9marches effectu\u00e9es par votre avocat, y compris la consultation du premier entretien. Les honoraires sont convenus librement entre l\u2019avocat et son client. Il sera tenu compte de [&hellip;]<\/p>","protected":false},"author":1,"featured_media":2204,"parent":0,"menu_order":0,"comment_status":"closed","ping_status":"closed","template":"","meta":{"footnotes":""},"class_list":["post-29","page","type-page","status-publish","has-post-thumbnail","hentry"],"yoast_head":"<!-- This site is optimized with the Yoast SEO plugin v27.3 - https:\/\/yoast.com\/product\/yoast-seo-wordpress\/ -->\n<title>Le montant de mes honoraires - Jean-Christophe LOEW - Avocat<\/title>\n<meta name=\"description\" content=\"Mes honoraires sont parfaitement transparents. Vous connaissez d\u00e8s le d\u00e9but de la proc\u00e9dure le montant total de mes honoraires. N&#039;h\u00e9sitez pas \u00e0 me contacter par mail pour en savoir plus.\" \/>\n<meta name=\"robots\" content=\"index, follow, max-snippet:-1, max-image-preview:large, max-video-preview:-1\" \/>\n<link rel=\"canonical\" href=\"https:\/\/www.jcloew-avocat.fr\/de\/mes-honoraires\/\" \/>\n<meta property=\"og:locale\" content=\"de_DE\" \/>\n<meta property=\"og:type\" content=\"article\" \/>\n<meta property=\"og:title\" content=\"Le montant de mes honoraires - Jean-Christophe LOEW - Avocat\" \/>\n<meta property=\"og:description\" content=\"Mes honoraires sont parfaitement transparents. Vous connaissez d\u00e8s le d\u00e9but de la proc\u00e9dure le montant total de mes honoraires. N&#039;h\u00e9sitez pas \u00e0 me contacter par mail pour en savoir plus.\" \/>\n<meta property=\"og:url\" content=\"https:\/\/www.jcloew-avocat.fr\/de\/mes-honoraires\/\" \/>\n<meta property=\"og:site_name\" content=\"Jean-Christophe LOEW - Avocat\" \/>\n<meta property=\"article:modified_time\" content=\"2022-05-12T14:17:37+00:00\" \/>\n<meta property=\"og:image\" content=\"https:\/\/www.jcloew-avocat.fr\/wp-content\/uploads\/2022\/01\/JC-Loew-avocat-banner-1.jpg\" \/>\n\t<meta property=\"og:image:width\" content=\"2074\" \/>\n\t<meta property=\"og:image:height\" content=\"1735\" \/>\n\t<meta property=\"og:image:type\" content=\"image\/jpeg\" \/>\n<meta name=\"twitter:card\" content=\"summary_large_image\" \/>\n<meta name=\"twitter:label1\" content=\"Gesch\u00e4tzte Lesezeit\" \/>\n\t<meta name=\"twitter:data1\" content=\"1\u00a0Minute\" \/>\n<script type=\"application\/ld+json\" class=\"yoast-schema-graph\">{\"@context\":\"https:\\\/\\\/schema.org\",\"@graph\":[{\"@type\":\"WebPage\",\"@id\":\"https:\\\/\\\/www.jcloew-avocat.fr\\\/mes-honoraires\\\/\",\"url\":\"https:\\\/\\\/www.jcloew-avocat.fr\\\/mes-honoraires\\\/\",\"name\":\"Le montant de mes honoraires - Jean-Christophe LOEW - Avocat\",\"isPartOf\":{\"@id\":\"https:\\\/\\\/www.jcloew-avocat.fr\\\/#website\"},\"primaryImageOfPage\":{\"@id\":\"https:\\\/\\\/www.jcloew-avocat.fr\\\/mes-honoraires\\\/#primaryimage\"},\"image\":{\"@id\":\"https:\\\/\\\/www.jcloew-avocat.fr\\\/mes-honoraires\\\/#primaryimage\"},\"thumbnailUrl\":\"https:\\\/\\\/www.jcloew-avocat.fr\\\/wp-content\\\/uploads\\\/2022\\\/01\\\/JC-Loew-avocat-banner-1.jpg\",\"datePublished\":\"2021-06-29T13:58:41+00:00\",\"dateModified\":\"2022-05-12T14:17:37+00:00\",\"description\":\"Mes honoraires sont parfaitement transparents. Vous connaissez d\u00e8s le d\u00e9but de la proc\u00e9dure le montant total de mes honoraires. N'h\u00e9sitez pas \u00e0 me contacter par mail pour en savoir plus.\",\"breadcrumb\":{\"@id\":\"https:\\\/\\\/www.jcloew-avocat.fr\\\/mes-honoraires\\\/#breadcrumb\"},\"inLanguage\":\"de\",\"potentialAction\":[{\"@type\":\"ReadAction\",\"target\":[\"https:\\\/\\\/www.jcloew-avocat.fr\\\/mes-honoraires\\\/\"]}]},{\"@type\":\"ImageObject\",\"inLanguage\":\"de\",\"@id\":\"https:\\\/\\\/www.jcloew-avocat.fr\\\/mes-honoraires\\\/#primaryimage\",\"url\":\"https:\\\/\\\/www.jcloew-avocat.fr\\\/wp-content\\\/uploads\\\/2022\\\/01\\\/JC-Loew-avocat-banner-1.jpg\",\"contentUrl\":\"https:\\\/\\\/www.jcloew-avocat.fr\\\/wp-content\\\/uploads\\\/2022\\\/01\\\/JC-Loew-avocat-banner-1.jpg\",\"width\":2074,\"height\":1735},{\"@type\":\"BreadcrumbList\",\"@id\":\"https:\\\/\\\/www.jcloew-avocat.fr\\\/mes-honoraires\\\/#breadcrumb\",\"itemListElement\":[{\"@type\":\"ListItem\",\"position\":1,\"name\":\"Accueil\",\"item\":\"https:\\\/\\\/www.jcloew-avocat.fr\\\/\"},{\"@type\":\"ListItem\",\"position\":2,\"name\":\"Honoraires\"}]},{\"@type\":\"WebSite\",\"@id\":\"https:\\\/\\\/www.jcloew-avocat.fr\\\/#website\",\"url\":\"https:\\\/\\\/www.jcloew-avocat.fr\\\/\",\"name\":\"Jean-Christophe LOEW - Avocat\",\"description\":\"Jean-Christophe LOEW, avocat au Barreau de Mulhouse\",\"potentialAction\":[{\"@type\":\"SearchAction\",\"target\":{\"@type\":\"EntryPoint\",\"urlTemplate\":\"https:\\\/\\\/www.jcloew-avocat.fr\\\/?s={search_term_string}\"},\"query-input\":{\"@type\":\"PropertyValueSpecification\",\"valueRequired\":true,\"valueName\":\"search_term_string\"}}],\"inLanguage\":\"de\"}]}<\/script>\n<!-- \/ Yoast SEO plugin. -->","yoast_head_json":{"title":"Le montant de mes honoraires - Jean-Christophe LOEW - Avocat","description":"Mes honoraires sont parfaitement transparents. Vous connaissez d\u00e8s le d\u00e9but de la proc\u00e9dure le montant total de mes honoraires. N'h\u00e9sitez pas \u00e0 me contacter par mail pour en savoir plus.","robots":{"index":"index","follow":"follow","max-snippet":"max-snippet:-1","max-image-preview":"max-image-preview:large","max-video-preview":"max-video-preview:-1"},"canonical":"https:\/\/www.jcloew-avocat.fr\/de\/mes-honoraires\/","og_locale":"de_DE","og_type":"article","og_title":"Le montant de mes honoraires - Jean-Christophe LOEW - Avocat","og_description":"Mes honoraires sont parfaitement transparents. Vous connaissez d\u00e8s le d\u00e9but de la proc\u00e9dure le montant total de mes honoraires. N'h\u00e9sitez pas \u00e0 me contacter par mail pour en savoir plus.","og_url":"https:\/\/www.jcloew-avocat.fr\/de\/mes-honoraires\/","og_site_name":"Jean-Christophe LOEW - Avocat","article_modified_time":"2022-05-12T14:17:37+00:00","og_image":[{"width":2074,"height":1735,"url":"https:\/\/www.jcloew-avocat.fr\/wp-content\/uploads\/2022\/01\/JC-Loew-avocat-banner-1.jpg","type":"image\/jpeg"}],"twitter_card":"summary_large_image","twitter_misc":{"Gesch\u00e4tzte Lesezeit":"1\u00a0Minute"},"schema":{"@context":"https:\/\/schema.org","@graph":[{"@type":"WebPage","@id":"https:\/\/www.jcloew-avocat.fr\/mes-honoraires\/","url":"https:\/\/www.jcloew-avocat.fr\/mes-honoraires\/","name":"Le montant de mes honoraires - Jean-Christophe LOEW - Avocat","isPartOf":{"@id":"https:\/\/www.jcloew-avocat.fr\/#website"},"primaryImageOfPage":{"@id":"https:\/\/www.jcloew-avocat.fr\/mes-honoraires\/#primaryimage"},"image":{"@id":"https:\/\/www.jcloew-avocat.fr\/mes-honoraires\/#primaryimage"},"thumbnailUrl":"https:\/\/www.jcloew-avocat.fr\/wp-content\/uploads\/2022\/01\/JC-Loew-avocat-banner-1.jpg","datePublished":"2021-06-29T13:58:41+00:00","dateModified":"2022-05-12T14:17:37+00:00","description":"Mes honoraires sont parfaitement transparents. Vous connaissez d\u00e8s le d\u00e9but de la proc\u00e9dure le montant total de mes honoraires. N'h\u00e9sitez pas \u00e0 me contacter par mail pour en savoir plus.","breadcrumb":{"@id":"https:\/\/www.jcloew-avocat.fr\/mes-honoraires\/#breadcrumb"},"inLanguage":"de","potentialAction":[{"@type":"ReadAction","target":["https:\/\/www.jcloew-avocat.fr\/mes-honoraires\/"]}]},{"@type":"ImageObject","inLanguage":"de","@id":"https:\/\/www.jcloew-avocat.fr\/mes-honoraires\/#primaryimage","url":"https:\/\/www.jcloew-avocat.fr\/wp-content\/uploads\/2022\/01\/JC-Loew-avocat-banner-1.jpg","contentUrl":"https:\/\/www.jcloew-avocat.fr\/wp-content\/uploads\/2022\/01\/JC-Loew-avocat-banner-1.jpg","width":2074,"height":1735},{"@type":"BreadcrumbList","@id":"https:\/\/www.jcloew-avocat.fr\/mes-honoraires\/#breadcrumb","itemListElement":[{"@type":"ListItem","position":1,"name":"Accueil","item":"https:\/\/www.jcloew-avocat.fr\/"},{"@type":"ListItem","position":2,"name":"Honoraires"}]},{"@type":"WebSite","@id":"https:\/\/www.jcloew-avocat.fr\/#website","url":"https:\/\/www.jcloew-avocat.fr\/","name":"Jean-Christophe LOEW - Rechstanwalt","description":"Jean-Christophe LOEW, Rechtsanwalt in M\u00fclhausen","potentialAction":[{"@type":"SearchAction","target":{"@type":"EntryPoint","urlTemplate":"https:\/\/www.jcloew-avocat.fr\/?s={search_term_string}"},"query-input":{"@type":"PropertyValueSpecification","valueRequired":true,"valueName":"search_term_string"}}],"inLanguage":"de"}]}},"_links":{"self":[{"href":"https:\/\/www.jcloew-avocat.fr\/de\/wp-json\/wp\/v2\/pages\/29","targetHints":{"allow":["GET"]}}],"collection":[{"href":"https:\/\/www.jcloew-avocat.fr\/de\/wp-json\/wp\/v2\/pages"}],"about":[{"href":"https:\/\/www.jcloew-avocat.fr\/de\/wp-json\/wp\/v2\/types\/page"}],"author":[{"embeddable":true,"href":"https:\/\/www.jcloew-avocat.fr\/de\/wp-json\/wp\/v2\/users\/1"}],"replies":[{"embeddable":true,"href":"https:\/\/www.jcloew-avocat.fr\/de\/wp-json\/wp\/v2\/comments?post=29"}],"version-history":[{"count":0,"href":"https:\/\/www.jcloew-avocat.fr\/de\/wp-json\/wp\/v2\/pages\/29\/revisions"}],"wp:featuredmedia":[{"embeddable":true,"href":"https:\/\/www.jcloew-avocat.fr\/de\/wp-json\/wp\/v2\/media\/2204"}],"wp:attachment":[{"href":"https:\/\/www.jcloew-avocat.fr\/de\/wp-json\/wp\/v2\/media?parent=29"}],"curies":[{"name":"wp","href":"https:\/\/api.w.org\/{rel}","templated":true}]}}