{"id":282,"date":"2018-12-25T02:55:14","date_gmt":"2018-12-25T02:55:14","guid":{"rendered":"https:\/\/demo.casethemes.net\/lawsight\/?page_id=282"},"modified":"2021-07-27T11:44:47","modified_gmt":"2021-07-27T09:44:47","slug":"actualites","status":"publish","type":"page","link":"https:\/\/www.jcloew-avocat.fr\/de\/actualites\/","title":{"rendered":"Aktuelles"},"content":{"rendered":"<div class=\"wpb-content-wrapper\"><div class=\"vc_row wpb_row vc_row-fluid bg-image-ps-inherit\"><div class=\"wpb_column vc_column_container vc_col-sm-12\"><div class=\"vc_column-inner vc_custom_1545798281200\"><div class=\"wpb_wrapper\">\n<div id=\"ct_blog_grid\" class=\"ct-grid ct-grid-blog-layout1\">\n\n    \n    <div class=\"ct-grid-inner ct-grid-masonry row\" data-gutter=\"15\">\n                    <div class=\"grid-sizer col-xl-6 col-lg-6 col-md-6 col-sm-12 col-12\"><\/div>\n                                    <div class=\"grid-item col-xl-6 col-lg-6 col-md-6 col-sm-12 col-12\">\n                        <div class=\"grid-item-inner wpb_animate_when_almost_visible wpb_fadeIn fadeIn\">\n                                                            <div class=\"entry-featured\">\n                                    <a  href=\"https:\/\/www.jcloew-avocat.fr\/de\/scheidung-in-frankreich-was-deutsche-unbedingt-wissen-mussendeutsche-transportunternehmen-in-frankreich-strafrechtliche-risiken-kennen-und-vermeiden\/\">\n                                        <img decoding=\"async\" class=\"\" src=\"https:\/\/www.jcloew-avocat.fr\/wp-content\/uploads\/2025\/06\/Deutsch-Franzoesisch-scaled-1-600x430.webp\" width=\"600\" height=\"430\" alt=\"Deutsch-Franzoesisch-scaled\" title=\"Deutsch-Franzoesisch-scaled\" loading=\"lazy\" \/>                                    <\/a>\n                                    <div class=\"item-overlay\"><\/div>\n                                    <a class=\"item-more\" href=\"https:\/\/www.jcloew-avocat.fr\/de\/scheidung-in-frankreich-was-deutsche-unbedingt-wissen-mussendeutsche-transportunternehmen-in-frankreich-strafrechtliche-risiken-kennen-und-vermeiden\/\"><i class=\"ct-icon-plus\"><\/i><\/a>\n                                <\/div>\n                                                        <div class=\"item-body\">\n                                <ul class=\"item-meta\">\n                                    <li class=\"item-date\"><i class=\"fa fa-calendar\"><\/i>8 April 2026<\/li>\n                                    <li class=\"item-author\"><i class=\"fa fa-user\"><\/i><a href=\"https:\/\/www.jcloew-avocat.fr\/de\/author\/jcloew-avocat\/\" title=\"Beitr\u00e4ge von JC Loew\" rel=\"author\">JC Loew<\/a><\/li>\n                                <\/ul>\n                                <h3 class=\"item-title\" style=\"\">\n                                    <a href=\"https:\/\/www.jcloew-avocat.fr\/de\/scheidung-in-frankreich-was-deutsche-unbedingt-wissen-mussendeutsche-transportunternehmen-in-frankreich-strafrechtliche-risiken-kennen-und-vermeiden\/\">Scheidung in Frankreich &#8211; Was Deutsche unbedingt wissen m\u00fcssen.<\/a>\n                                <\/h3>\n                                <div class=\"item-more\">\n                                    <a class=\"btn  btn-gray size-default\" href=\"https:\/\/www.jcloew-avocat.fr\/de\/scheidung-in-frankreich-was-deutsche-unbedingt-wissen-mussendeutsche-transportunternehmen-in-frankreich-strafrechtliche-risiken-kennen-und-vermeiden\/\">\n                                        View more                                    <\/a>\n                                <\/div>\n                            <\/div>\n                        <\/div>\n                    <\/div>\n                                    <div class=\"grid-item col-xl-6 col-lg-6 col-md-6 col-sm-12 col-12\">\n                        <div class=\"grid-item-inner wpb_animate_when_almost_visible wpb_fadeIn fadeIn\">\n                                                        <div class=\"item-body\">\n                                <ul class=\"item-meta\">\n                                    <li class=\"item-date\"><i class=\"fa fa-calendar\"><\/i>21 Februar 2024<\/li>\n                                    <li class=\"item-author\"><i class=\"fa fa-user\"><\/i><a href=\"https:\/\/www.jcloew-avocat.fr\/de\/author\/jcloew-avocat\/\" title=\"Beitr\u00e4ge von JC Loew\" rel=\"author\">JC Loew<\/a><\/li>\n                                <\/ul>\n                                <h3 class=\"item-title\" style=\"\">\n                                    <a href=\"https:\/\/www.jcloew-avocat.fr\/de\/proces-penal-de-linaction-climatique-mulhouse\/\">Proc\u00e8s de l&#8217;inaction climatique \u00e0 Mulhouse<\/a>\n                                <\/h3>\n                                <div class=\"item-more\">\n                                    <a class=\"btn  btn-gray size-default\" href=\"https:\/\/www.jcloew-avocat.fr\/de\/proces-penal-de-linaction-climatique-mulhouse\/\">\n                                        View more                                    <\/a>\n                                <\/div>\n                            <\/div>\n                        <\/div>\n                    <\/div>\n                                    <div class=\"grid-item col-xl-6 col-lg-6 col-md-6 col-sm-12 col-12\">\n                        <div class=\"grid-item-inner wpb_animate_when_almost_visible wpb_fadeIn fadeIn\">\n                                                        <div class=\"item-body\">\n                                <ul class=\"item-meta\">\n                                    <li class=\"item-date\"><i class=\"fa fa-calendar\"><\/i>13 Februar 2024<\/li>\n                                    <li class=\"item-author\"><i class=\"fa fa-user\"><\/i><a href=\"https:\/\/www.jcloew-avocat.fr\/de\/author\/jcloew-avocat\/\" title=\"Beitr\u00e4ge von JC Loew\" rel=\"author\">JC Loew<\/a><\/li>\n                                <\/ul>\n                                <h3 class=\"item-title\" style=\"\">\n                                    <a href=\"https:\/\/www.jcloew-avocat.fr\/de\/scheidung-in-frankreich-deutschsprachiger-rechtsanwalt-zweite-saule\/\">Scheidung in Frankreich &#8211; Deutschsprachiger Rechtsanwalt &#8211; Zweite S\u00e4ule.<\/a>\n                                <\/h3>\n                                <div class=\"item-more\">\n                                    <a class=\"btn  btn-gray size-default\" href=\"https:\/\/www.jcloew-avocat.fr\/de\/scheidung-in-frankreich-deutschsprachiger-rechtsanwalt-zweite-saule\/\">\n                                        View more                                    <\/a>\n                                <\/div>\n                            <\/div>\n                        <\/div>\n                    <\/div>\n                                    <div class=\"grid-item col-xl-6 col-lg-6 col-md-6 col-sm-12 col-12\">\n                        <div class=\"grid-item-inner wpb_animate_when_almost_visible wpb_fadeIn fadeIn\">\n                                                        <div class=\"item-body\">\n                                <ul class=\"item-meta\">\n                                    <li class=\"item-date\"><i class=\"fa fa-calendar\"><\/i>3 April 2022<\/li>\n                                    <li class=\"item-author\"><i class=\"fa fa-user\"><\/i><a href=\"https:\/\/www.jcloew-avocat.fr\/de\/author\/jcloew-avocat\/\" title=\"Beitr\u00e4ge von JC Loew\" rel=\"author\">JC Loew<\/a><\/li>\n                                <\/ul>\n                                <h3 class=\"item-title\" style=\"\">\n                                    <a href=\"https:\/\/www.jcloew-avocat.fr\/de\/injure-publique\/\">Injure publique &#8211; Alain Soral<\/a>\n                                <\/h3>\n                                <div class=\"item-more\">\n                                    <a class=\"btn  btn-gray size-default\" href=\"https:\/\/www.jcloew-avocat.fr\/de\/injure-publique\/\">\n                                        View more                                    <\/a>\n                                <\/div>\n                            <\/div>\n                        <\/div>\n                    <\/div>\n                    <\/div>\n            <div class=\"ct-grid-pagination\">\n                    <\/div>\n        <\/div><\/div><\/div><\/div><\/div>\n<\/div>","protected":false},"excerpt":{"rendered":"Les parties civiles ont r\u00e9clam\u00e9 la condamnation de l'essayiste Alain Soral, \"multir\u00e9cidiviste de la haine\", selon Ma\u00eetre Rodolphe Cahn, conseil du Consistoire. Si la \"quenelle\" n'est pas un geste p\u00e9nalement r\u00e9pr\u00e9hensible \"en tant que tel\", sa diffusion, en revanche, l'est, a-t-il insist\u00e9. Alain Soral \"instrumentalise la justice\", a tonn\u00e9 Ma\u00eetre Jean-Christophe Loew (SOS Racisme). \"Pourvu [...]","protected":false},"author":1,"featured_media":0,"parent":0,"menu_order":0,"comment_status":"closed","ping_status":"closed","template":"","meta":{"footnotes":""},"class_list":["post-282","page","type-page","status-publish","hentry"],"yoast_head":"<!-- This site is optimized with the Yoast SEO plugin v27.3 - https:\/\/yoast.com\/product\/yoast-seo-wordpress\/ -->\n<title>Actualit\u00e9s - Jean-Christophe LOEW - Avocat<\/title>\n<meta name=\"robots\" content=\"index, follow, max-snippet:-1, max-image-preview:large, max-video-preview:-1\" \/>\n<link rel=\"canonical\" href=\"https:\/\/www.jcloew-avocat.fr\/de\/actualites\/\" \/>\n<meta property=\"og:locale\" content=\"de_DE\" \/>\n<meta property=\"og:type\" content=\"article\" \/>\n<meta property=\"og:title\" content=\"Actualit\u00e9s - Jean-Christophe LOEW - Avocat\" \/>\n<meta property=\"og:url\" content=\"https:\/\/www.jcloew-avocat.fr\/de\/actualites\/\" \/>\n<meta property=\"og:site_name\" content=\"Jean-Christophe LOEW - Avocat\" \/>\n<meta property=\"article:modified_time\" content=\"2021-07-27T09:44:47+00:00\" \/>\n<meta name=\"twitter:card\" content=\"summary_large_image\" \/>\n<script type=\"application\/ld+json\" class=\"yoast-schema-graph\">{\"@context\":\"https:\\\/\\\/schema.org\",\"@graph\":[{\"@type\":\"WebPage\",\"@id\":\"https:\\\/\\\/www.jcloew-avocat.fr\\\/actualites\\\/\",\"url\":\"https:\\\/\\\/www.jcloew-avocat.fr\\\/actualites\\\/\",\"name\":\"Actualit\u00e9s - Jean-Christophe LOEW - Avocat\",\"isPartOf\":{\"@id\":\"https:\\\/\\\/www.jcloew-avocat.fr\\\/#website\"},\"datePublished\":\"2018-12-25T02:55:14+00:00\",\"dateModified\":\"2021-07-27T09:44:47+00:00\",\"breadcrumb\":{\"@id\":\"https:\\\/\\\/www.jcloew-avocat.fr\\\/actualites\\\/#breadcrumb\"},\"inLanguage\":\"de\",\"potentialAction\":[{\"@type\":\"ReadAction\",\"target\":[\"https:\\\/\\\/www.jcloew-avocat.fr\\\/actualites\\\/\"]}]},{\"@type\":\"BreadcrumbList\",\"@id\":\"https:\\\/\\\/www.jcloew-avocat.fr\\\/actualites\\\/#breadcrumb\",\"itemListElement\":[{\"@type\":\"ListItem\",\"position\":1,\"name\":\"Accueil\",\"item\":\"https:\\\/\\\/www.jcloew-avocat.fr\\\/\"},{\"@type\":\"ListItem\",\"position\":2,\"name\":\"Actualit\u00e9s\"}]},{\"@type\":\"WebSite\",\"@id\":\"https:\\\/\\\/www.jcloew-avocat.fr\\\/#website\",\"url\":\"https:\\\/\\\/www.jcloew-avocat.fr\\\/\",\"name\":\"Jean-Christophe LOEW - Avocat\",\"description\":\"Jean-Christophe LOEW, avocat au Barreau de Mulhouse\",\"potentialAction\":[{\"@type\":\"SearchAction\",\"target\":{\"@type\":\"EntryPoint\",\"urlTemplate\":\"https:\\\/\\\/www.jcloew-avocat.fr\\\/?s={search_term_string}\"},\"query-input\":{\"@type\":\"PropertyValueSpecification\",\"valueRequired\":true,\"valueName\":\"search_term_string\"}}],\"inLanguage\":\"de\"}]}<\/script>\n<!-- \/ Yoast SEO plugin. -->","yoast_head_json":{"title":"Actualit\u00e9s - Jean-Christophe LOEW - Avocat","robots":{"index":"index","follow":"follow","max-snippet":"max-snippet:-1","max-image-preview":"max-image-preview:large","max-video-preview":"max-video-preview:-1"},"canonical":"https:\/\/www.jcloew-avocat.fr\/de\/actualites\/","og_locale":"de_DE","og_type":"article","og_title":"Actualit\u00e9s - Jean-Christophe LOEW - Avocat","og_url":"https:\/\/www.jcloew-avocat.fr\/de\/actualites\/","og_site_name":"Jean-Christophe LOEW - Avocat","article_modified_time":"2021-07-27T09:44:47+00:00","twitter_card":"summary_large_image","schema":{"@context":"https:\/\/schema.org","@graph":[{"@type":"WebPage","@id":"https:\/\/www.jcloew-avocat.fr\/actualites\/","url":"https:\/\/www.jcloew-avocat.fr\/actualites\/","name":"Actualit\u00e9s - Jean-Christophe LOEW - Avocat","isPartOf":{"@id":"https:\/\/www.jcloew-avocat.fr\/#website"},"datePublished":"2018-12-25T02:55:14+00:00","dateModified":"2021-07-27T09:44:47+00:00","breadcrumb":{"@id":"https:\/\/www.jcloew-avocat.fr\/actualites\/#breadcrumb"},"inLanguage":"de","potentialAction":[{"@type":"ReadAction","target":["https:\/\/www.jcloew-avocat.fr\/actualites\/"]}]},{"@type":"BreadcrumbList","@id":"https:\/\/www.jcloew-avocat.fr\/actualites\/#breadcrumb","itemListElement":[{"@type":"ListItem","position":1,"name":"Accueil","item":"https:\/\/www.jcloew-avocat.fr\/"},{"@type":"ListItem","position":2,"name":"Actualit\u00e9s"}]},{"@type":"WebSite","@id":"https:\/\/www.jcloew-avocat.fr\/#website","url":"https:\/\/www.jcloew-avocat.fr\/","name":"Jean-Christophe LOEW - Rechstanwalt","description":"Jean-Christophe LOEW, Rechtsanwalt in M\u00fclhausen","potentialAction":[{"@type":"SearchAction","target":{"@type":"EntryPoint","urlTemplate":"https:\/\/www.jcloew-avocat.fr\/?s={search_term_string}"},"query-input":{"@type":"PropertyValueSpecification","valueRequired":true,"valueName":"search_term_string"}}],"inLanguage":"de"}]}},"_links":{"self":[{"href":"https:\/\/www.jcloew-avocat.fr\/de\/wp-json\/wp\/v2\/pages\/282","targetHints":{"allow":["GET"]}}],"collection":[{"href":"https:\/\/www.jcloew-avocat.fr\/de\/wp-json\/wp\/v2\/pages"}],"about":[{"href":"https:\/\/www.jcloew-avocat.fr\/de\/wp-json\/wp\/v2\/types\/page"}],"author":[{"embeddable":true,"href":"https:\/\/www.jcloew-avocat.fr\/de\/wp-json\/wp\/v2\/users\/1"}],"replies":[{"embeddable":true,"href":"https:\/\/www.jcloew-avocat.fr\/de\/wp-json\/wp\/v2\/comments?post=282"}],"version-history":[{"count":0,"href":"https:\/\/www.jcloew-avocat.fr\/de\/wp-json\/wp\/v2\/pages\/282\/revisions"}],"wp:attachment":[{"href":"https:\/\/www.jcloew-avocat.fr\/de\/wp-json\/wp\/v2\/media?parent=282"}],"curies":[{"name":"wp","href":"https:\/\/api.w.org\/{rel}","templated":true}]}}