{"id":27,"date":"2021-06-29T15:58:33","date_gmt":"2021-06-29T13:58:33","guid":{"rendered":"https:\/\/www.jcloew-avocat.fr\/?page_id=27"},"modified":"2022-03-28T10:13:06","modified_gmt":"2022-03-28T08:13:06","slug":"mes-engagements-et-valeurs","status":"publish","type":"page","link":"https:\/\/www.jcloew-avocat.fr\/de\/mes-engagements-et-valeurs\/","title":{"rendered":"Verpflichtungen"},"content":{"rendered":"<div class=\"wpb-content-wrapper\"><div class=\"vc_row wpb_row vc_row-fluid bg-image-ps-inherit\"><div class=\"wpb_column vc_column_container vc_col-sm-12\"><div class=\"vc_column-inner\"><div class=\"wpb_wrapper\">\n\t<div class=\"wpb_text_column wpb_content_element\" >\n\t\t<div class=\"wpb_wrapper\">\n\t\t\t<ul class=\"list-arrow\">\n<li>Meine Werte sind Integrit\u00e4t, Vertrauen, Reaktionsf\u00e4higkeit.<\/li>\n<li>Keine Untervergabe: Ich empfange die Kunden, ich bearbeite den Fall, ich pl\u00e4diere vor Gericht<\/li>\n<li>Deutschsprachige Kunden haben die Gewissheit, sich in ihrer Muttersprache ausdr\u00fccken zu k\u00f6nnen.<\/li>\n<li>Antwortm\u00f6glichkeit auf E-Mails in Deutsch, falls erforderlich.<\/li>\n<\/ul>\n\n\t\t<\/div>\n\t<\/div>\n<\/div><\/div><\/div><\/div><div class=\"vc_row wpb_row vc_row-fluid bg-image-ps-inherit\"><div class=\"wpb_column vc_column_container vc_col-sm-12\"><div class=\"vc_column-inner\"><div class=\"wpb_wrapper\">\n<div class=\"vc_grid-container-wrapper vc_clearfix vc_grid-animation-zoomIn\">\n\t<div class=\"vc_grid-container vc_clearfix wpb_content_element vc_masonry_media_grid\" data-initial-loading-animation=\"zoomIn\" data-vc-grid-settings=\"{&quot;page_id&quot;:27,&quot;style&quot;:&quot;all-masonry&quot;,&quot;action&quot;:&quot;vc_get_vc_grid_data&quot;,&quot;shortcode_id&quot;:&quot;1643617963464-60c56a0c-93e7-4&quot;,&quot;tag&quot;:&quot;vc_masonry_media_grid&quot;}\" data-vc-request=\"https:\/\/www.jcloew-avocat.fr\/wp-admin\/admin-ajax.php\" data-vc-post-id=\"27\" data-vc-public-nonce=\"58e6e810ee\">\n\t\t\n\t<\/div>\n<\/div><\/div><\/div><\/div><\/div>\n<\/div>","protected":false},"excerpt":{"rendered":"Mes valeurs sont l\u2019int\u00e9grit\u00e9, la confiance, la r\u00e9activit\u00e9 pas de sous-traitance: je re\u00e7ois les clients, je traite le dossier, je plaide devant les tribunaux les clients germanophones ont l\u2019assurance de pouvoir s\u2019exprimer dans leur langue maternelle possibilit\u00e9 de r\u00e9ponse aux mails en allemand si n\u00e9cessaire","protected":false},"author":1,"featured_media":2203,"parent":0,"menu_order":0,"comment_status":"closed","ping_status":"closed","template":"","meta":{"footnotes":""},"class_list":["post-27","page","type-page","status-publish","has-post-thumbnail","hentry"],"yoast_head":"<!-- This site is optimized with the Yoast SEO plugin v27.3 - https:\/\/yoast.com\/product\/yoast-seo-wordpress\/ -->\n<title>Mes engagements et valeurs - Jean-Christophe LOEW - Avocat<\/title>\n<meta name=\"description\" content=\"Mes valeurs sont : L\u2019int\u00e9grit\u00e9, la confiance, la r\u00e9activit\u00e9. Je m&#039;engage \u00e0 recevoir mes clients, \u00e0 traiter le dossier, et \u00e0 plaider devant les tribunaux. En Allemand comme en Fran\u00e7ais.\" \/>\n<meta name=\"robots\" content=\"index, follow, max-snippet:-1, max-image-preview:large, max-video-preview:-1\" \/>\n<link rel=\"canonical\" href=\"https:\/\/www.jcloew-avocat.fr\/de\/mes-engagements-et-valeurs\/\" \/>\n<meta property=\"og:locale\" content=\"de_DE\" \/>\n<meta property=\"og:type\" content=\"article\" \/>\n<meta property=\"og:title\" content=\"Mes engagements et valeurs - Jean-Christophe LOEW - Avocat\" \/>\n<meta property=\"og:description\" content=\"Mes valeurs sont : L\u2019int\u00e9grit\u00e9, la confiance, la r\u00e9activit\u00e9. Je m&#039;engage \u00e0 recevoir mes clients, \u00e0 traiter le dossier, et \u00e0 plaider devant les tribunaux. En Allemand comme en Fran\u00e7ais.\" \/>\n<meta property=\"og:url\" content=\"https:\/\/www.jcloew-avocat.fr\/de\/mes-engagements-et-valeurs\/\" \/>\n<meta property=\"og:site_name\" content=\"Jean-Christophe LOEW - Avocat\" \/>\n<meta property=\"article:modified_time\" content=\"2022-03-28T08:13:06+00:00\" \/>\n<meta property=\"og:image\" content=\"https:\/\/www.jcloew-avocat.fr\/wp-content\/uploads\/2022\/01\/JC-Loew-avocat-banner-2.jpg\" \/>\n\t<meta property=\"og:image:width\" content=\"1920\" \/>\n\t<meta property=\"og:image:height\" content=\"928\" \/>\n\t<meta property=\"og:image:type\" content=\"image\/jpeg\" \/>\n<meta name=\"twitter:card\" content=\"summary_large_image\" \/>\n<meta name=\"twitter:label1\" content=\"Gesch\u00e4tzte Lesezeit\" \/>\n\t<meta name=\"twitter:data1\" content=\"1\u00a0Minute\" \/>\n<script type=\"application\/ld+json\" class=\"yoast-schema-graph\">{\"@context\":\"https:\\\/\\\/schema.org\",\"@graph\":[{\"@type\":\"WebPage\",\"@id\":\"https:\\\/\\\/www.jcloew-avocat.fr\\\/mes-engagements-et-valeurs\\\/\",\"url\":\"https:\\\/\\\/www.jcloew-avocat.fr\\\/mes-engagements-et-valeurs\\\/\",\"name\":\"Mes engagements et valeurs - Jean-Christophe LOEW - Avocat\",\"isPartOf\":{\"@id\":\"https:\\\/\\\/www.jcloew-avocat.fr\\\/#website\"},\"primaryImageOfPage\":{\"@id\":\"https:\\\/\\\/www.jcloew-avocat.fr\\\/mes-engagements-et-valeurs\\\/#primaryimage\"},\"image\":{\"@id\":\"https:\\\/\\\/www.jcloew-avocat.fr\\\/mes-engagements-et-valeurs\\\/#primaryimage\"},\"thumbnailUrl\":\"https:\\\/\\\/www.jcloew-avocat.fr\\\/wp-content\\\/uploads\\\/2022\\\/01\\\/JC-Loew-avocat-banner-2.jpg\",\"datePublished\":\"2021-06-29T13:58:33+00:00\",\"dateModified\":\"2022-03-28T08:13:06+00:00\",\"description\":\"Mes valeurs sont : L\u2019int\u00e9grit\u00e9, la confiance, la r\u00e9activit\u00e9. Je m'engage \u00e0 recevoir mes clients, \u00e0 traiter le dossier, et \u00e0 plaider devant les tribunaux. En Allemand comme en Fran\u00e7ais.\",\"breadcrumb\":{\"@id\":\"https:\\\/\\\/www.jcloew-avocat.fr\\\/mes-engagements-et-valeurs\\\/#breadcrumb\"},\"inLanguage\":\"de\",\"potentialAction\":[{\"@type\":\"ReadAction\",\"target\":[\"https:\\\/\\\/www.jcloew-avocat.fr\\\/mes-engagements-et-valeurs\\\/\"]}]},{\"@type\":\"ImageObject\",\"inLanguage\":\"de\",\"@id\":\"https:\\\/\\\/www.jcloew-avocat.fr\\\/mes-engagements-et-valeurs\\\/#primaryimage\",\"url\":\"https:\\\/\\\/www.jcloew-avocat.fr\\\/wp-content\\\/uploads\\\/2022\\\/01\\\/JC-Loew-avocat-banner-2.jpg\",\"contentUrl\":\"https:\\\/\\\/www.jcloew-avocat.fr\\\/wp-content\\\/uploads\\\/2022\\\/01\\\/JC-Loew-avocat-banner-2.jpg\",\"width\":1920,\"height\":928},{\"@type\":\"BreadcrumbList\",\"@id\":\"https:\\\/\\\/www.jcloew-avocat.fr\\\/mes-engagements-et-valeurs\\\/#breadcrumb\",\"itemListElement\":[{\"@type\":\"ListItem\",\"position\":1,\"name\":\"Accueil\",\"item\":\"https:\\\/\\\/www.jcloew-avocat.fr\\\/\"},{\"@type\":\"ListItem\",\"position\":2,\"name\":\"Engagements\"}]},{\"@type\":\"WebSite\",\"@id\":\"https:\\\/\\\/www.jcloew-avocat.fr\\\/#website\",\"url\":\"https:\\\/\\\/www.jcloew-avocat.fr\\\/\",\"name\":\"Jean-Christophe LOEW - Avocat\",\"description\":\"Jean-Christophe LOEW, avocat au Barreau de Mulhouse\",\"potentialAction\":[{\"@type\":\"SearchAction\",\"target\":{\"@type\":\"EntryPoint\",\"urlTemplate\":\"https:\\\/\\\/www.jcloew-avocat.fr\\\/?s={search_term_string}\"},\"query-input\":{\"@type\":\"PropertyValueSpecification\",\"valueRequired\":true,\"valueName\":\"search_term_string\"}}],\"inLanguage\":\"de\"}]}<\/script>\n<!-- \/ Yoast SEO plugin. -->","yoast_head_json":{"title":"Mes engagements et valeurs - Jean-Christophe LOEW - Avocat","description":"Mes valeurs sont : L\u2019int\u00e9grit\u00e9, la confiance, la r\u00e9activit\u00e9. Je m'engage \u00e0 recevoir mes clients, \u00e0 traiter le dossier, et \u00e0 plaider devant les tribunaux. En Allemand comme en Fran\u00e7ais.","robots":{"index":"index","follow":"follow","max-snippet":"max-snippet:-1","max-image-preview":"max-image-preview:large","max-video-preview":"max-video-preview:-1"},"canonical":"https:\/\/www.jcloew-avocat.fr\/de\/mes-engagements-et-valeurs\/","og_locale":"de_DE","og_type":"article","og_title":"Mes engagements et valeurs - Jean-Christophe LOEW - Avocat","og_description":"Mes valeurs sont : L\u2019int\u00e9grit\u00e9, la confiance, la r\u00e9activit\u00e9. Je m'engage \u00e0 recevoir mes clients, \u00e0 traiter le dossier, et \u00e0 plaider devant les tribunaux. En Allemand comme en Fran\u00e7ais.","og_url":"https:\/\/www.jcloew-avocat.fr\/de\/mes-engagements-et-valeurs\/","og_site_name":"Jean-Christophe LOEW - Avocat","article_modified_time":"2022-03-28T08:13:06+00:00","og_image":[{"width":1920,"height":928,"url":"https:\/\/www.jcloew-avocat.fr\/wp-content\/uploads\/2022\/01\/JC-Loew-avocat-banner-2.jpg","type":"image\/jpeg"}],"twitter_card":"summary_large_image","twitter_misc":{"Gesch\u00e4tzte Lesezeit":"1\u00a0Minute"},"schema":{"@context":"https:\/\/schema.org","@graph":[{"@type":"WebPage","@id":"https:\/\/www.jcloew-avocat.fr\/mes-engagements-et-valeurs\/","url":"https:\/\/www.jcloew-avocat.fr\/mes-engagements-et-valeurs\/","name":"Mes engagements et valeurs - Jean-Christophe LOEW - Avocat","isPartOf":{"@id":"https:\/\/www.jcloew-avocat.fr\/#website"},"primaryImageOfPage":{"@id":"https:\/\/www.jcloew-avocat.fr\/mes-engagements-et-valeurs\/#primaryimage"},"image":{"@id":"https:\/\/www.jcloew-avocat.fr\/mes-engagements-et-valeurs\/#primaryimage"},"thumbnailUrl":"https:\/\/www.jcloew-avocat.fr\/wp-content\/uploads\/2022\/01\/JC-Loew-avocat-banner-2.jpg","datePublished":"2021-06-29T13:58:33+00:00","dateModified":"2022-03-28T08:13:06+00:00","description":"Mes valeurs sont : L\u2019int\u00e9grit\u00e9, la confiance, la r\u00e9activit\u00e9. Je m'engage \u00e0 recevoir mes clients, \u00e0 traiter le dossier, et \u00e0 plaider devant les tribunaux. En Allemand comme en Fran\u00e7ais.","breadcrumb":{"@id":"https:\/\/www.jcloew-avocat.fr\/mes-engagements-et-valeurs\/#breadcrumb"},"inLanguage":"de","potentialAction":[{"@type":"ReadAction","target":["https:\/\/www.jcloew-avocat.fr\/mes-engagements-et-valeurs\/"]}]},{"@type":"ImageObject","inLanguage":"de","@id":"https:\/\/www.jcloew-avocat.fr\/mes-engagements-et-valeurs\/#primaryimage","url":"https:\/\/www.jcloew-avocat.fr\/wp-content\/uploads\/2022\/01\/JC-Loew-avocat-banner-2.jpg","contentUrl":"https:\/\/www.jcloew-avocat.fr\/wp-content\/uploads\/2022\/01\/JC-Loew-avocat-banner-2.jpg","width":1920,"height":928},{"@type":"BreadcrumbList","@id":"https:\/\/www.jcloew-avocat.fr\/mes-engagements-et-valeurs\/#breadcrumb","itemListElement":[{"@type":"ListItem","position":1,"name":"Accueil","item":"https:\/\/www.jcloew-avocat.fr\/"},{"@type":"ListItem","position":2,"name":"Engagements"}]},{"@type":"WebSite","@id":"https:\/\/www.jcloew-avocat.fr\/#website","url":"https:\/\/www.jcloew-avocat.fr\/","name":"Jean-Christophe LOEW - Rechstanwalt","description":"Jean-Christophe LOEW, Rechtsanwalt in M\u00fclhausen","potentialAction":[{"@type":"SearchAction","target":{"@type":"EntryPoint","urlTemplate":"https:\/\/www.jcloew-avocat.fr\/?s={search_term_string}"},"query-input":{"@type":"PropertyValueSpecification","valueRequired":true,"valueName":"search_term_string"}}],"inLanguage":"de"}]}},"_links":{"self":[{"href":"https:\/\/www.jcloew-avocat.fr\/de\/wp-json\/wp\/v2\/pages\/27","targetHints":{"allow":["GET"]}}],"collection":[{"href":"https:\/\/www.jcloew-avocat.fr\/de\/wp-json\/wp\/v2\/pages"}],"about":[{"href":"https:\/\/www.jcloew-avocat.fr\/de\/wp-json\/wp\/v2\/types\/page"}],"author":[{"embeddable":true,"href":"https:\/\/www.jcloew-avocat.fr\/de\/wp-json\/wp\/v2\/users\/1"}],"replies":[{"embeddable":true,"href":"https:\/\/www.jcloew-avocat.fr\/de\/wp-json\/wp\/v2\/comments?post=27"}],"version-history":[{"count":0,"href":"https:\/\/www.jcloew-avocat.fr\/de\/wp-json\/wp\/v2\/pages\/27\/revisions"}],"wp:featuredmedia":[{"embeddable":true,"href":"https:\/\/www.jcloew-avocat.fr\/de\/wp-json\/wp\/v2\/media\/2203"}],"wp:attachment":[{"href":"https:\/\/www.jcloew-avocat.fr\/de\/wp-json\/wp\/v2\/media?parent=27"}],"curies":[{"name":"wp","href":"https:\/\/api.w.org\/{rel}","templated":true}]}}