{"id":254,"date":"2018-12-25T02:42:49","date_gmt":"2018-12-25T02:42:49","guid":{"rendered":"https:\/\/demo.casethemes.net\/lawsight\/?page_id=254"},"modified":"2025-01-07T19:01:56","modified_gmt":"2025-01-07T18:01:56","slug":"contactez-moi","status":"publish","type":"page","link":"https:\/\/www.jcloew-avocat.fr\/de\/kontakt\/","title":{"rendered":"Kontakt"},"content":{"rendered":"<div class=\"wpb-content-wrapper\"><div class=\"vc_row wpb_row vc_row-fluid vc_custom_1545816911406 bg-image-ps-inherit\"><div class=\"col-boxshadow wpb_column vc_column_container vc_col-sm-12 rm-padding-sm\"><div class=\"vc_column-inner vc_custom_1545897722938\"><div class=\"wpb_wrapper\"><div class=\"vc_row wpb_row vc_inner vc_row-fluid\"><div class=\"wpb_column vc_column_container vc_col-sm-12 vc_col-lg-9 vc_col-md-9\"><div class=\"vc_column-inner vc_custom_1545816757842\"><div class=\"wpb_wrapper\"><div id=\"ct-space-69d9f453d7bda\">\n\t<style type=\"text\/css\">\n\t\t\t\t\t@media screen and (min-width: 1200px) {\n\t\t\t\t#ct-space-69d9f453d7bda .ct-space {\n\t\t\t\t\theight: 62px;\n\t\t\t\t}\n\t\t\t}\n\t\t\t\t\t\t\t@media (min-width: 992px) and (max-width: 1991px) {\n\t\t\t\t#ct-space-69d9f453d7bda .ct-space {\n\t\t\t\t\theight: 62px;\n\t\t\t\t}\n\t\t\t}\n\t\t\t\t\t\t\t@media (min-width: 768px) and (max-width: 991px) {\n\t\t\t\t#ct-space-69d9f453d7bda .ct-space {\n\t\t\t\t\theight: 62px;\n\t\t\t\t}\n\t\t\t}\n\t\t\t\t\t\t\t@media screen and (max-width: 767px) {\n\t\t\t\t#ct-space-69d9f453d7bda .ct-space {\n\t\t\t\t\theight: 30px;\n\t\t\t\t}\n\t\t\t}\n\t\t\t<\/style>\n\t<div class=\"ct-space\"><\/div>\n<\/div><div id=\"ct-heading\" class=\"ct-heading  style1 align-left align-left-md align-left-sm align-left-xs\">\n    \n    \n            <style type=\"text\/css\">\n            @media screen and (max-width: 767px) {\n                #ct-heading .ct-heading-tag {\n                                            font-size: 26px !important;\n                                                        }\n            }\n        <\/style>\n                <h3 class=\"ct-heading-tag\" >\n                                    Pour me <cite>contacter<\/cite> ou prendre rendez-vous                        <\/h3>\n        <\/div><\/div><\/div><\/div><div class=\"wpb_column vc_column_container vc_col-sm-3\"><div class=\"vc_column-inner vc_custom_1545816763346\"><div class=\"wpb_wrapper\"><\/div><\/div><\/div><\/div><div class=\"vc_empty_space\"   style=\"height: 20px\"><span class=\"vc_empty_space_inner\"><\/span><\/div><div class=\"vc_row wpb_row vc_inner vc_row-fluid\"><div class=\"wpb_column vc_column_container vc_col-sm-7\"><div class=\"vc_column-inner\"><div class=\"wpb_wrapper\">\n\t<div class=\"wpb_text_column wpb_content_element vc_custom_1643925445548 color-heading\" >\n\t\t<div class=\"wpb_wrapper\">\n\t\t\t<p>Vous pouvez me contacter par mail, par t\u00e9l\u00e9phone ou en remplissant le formulaire de contact.<\/p>\n\n\t\t<\/div>\n\t<\/div>\n<div class=\"ct-contact-info style1\">\n\t<div class=\"contact-info-inner\">\n                    <div class=\"ct-contact-info-icon\">\n                <i class=\"fac fac-building\" style=\"\"><\/i>\n            <\/div>\n                <div class=\"ct-contact-info-content\" style=\"\">\n                                                                29 boulevard de l'Europe, Etage 8<br \/>\n68100 Mulhouse                                    <div class=\"view-map\" >\n                        <a href=\"https:\/\/goo.gl\/maps\/XRLdWhY4zQ3yy6eg9\" target=\"_blank\">\n                            <i class=\"text-gradient fa fa-street-view\"><\/i>\n                            <span>Voir sur la carte<\/span>\n                        <\/a>\n                    <\/div>\n                                    <\/div>\n\t<\/div>\n<\/div><div class=\"vc_empty_space\"   style=\"height: 21px\"><span class=\"vc_empty_space_inner\"><\/span><\/div><div class=\"ct-contact-info style1\">\n\t<div class=\"contact-info-inner\">\n                    <div class=\"ct-contact-info-icon\">\n                <i class=\"fac fac-phone\" style=\"\"><\/i>\n            <\/div>\n                <div class=\"ct-contact-info-content\" style=\"\">\n                                                        <a href=\"tel:09.88.51.69.28\">09.88.51.69.28<\/a>\n                                            <\/div>\n\t<\/div>\n<\/div><div class=\"ct-contact-info style1\">\n\t<div class=\"contact-info-inner\">\n                    <div class=\"ct-contact-info-icon\">\n                <i class=\"fac fac-envelope\" style=\"\"><\/i>\n            <\/div>\n                <div class=\"ct-contact-info-content\" style=\"\">\n                                                    <a href=\"mailto:jc-loew@orange.fr\">jc-loew@orange.fr<\/a>\n                                <\/div>\n\t<\/div>\n<\/div>\n\t<div class=\"wpb_text_column wpb_content_element\" >\n\t\t<div class=\"wpb_wrapper\">\n\t\t\t<p>SIREN 441144128<br \/>\nTVA INTRACOMMUNAUTAIRE FR 92 441144128<\/p>\n\n\t\t<\/div>\n\t<\/div>\n<\/div><\/div><\/div><div class=\"wpb_column vc_column_container vc_col-sm-5\"><div class=\"vc_column-inner\"><div class=\"wpb_wrapper\"><div id=\"ct-space-69d9f453d920b\">\n\t<style type=\"text\/css\">\n\t\t\t\t\t\t\t\t\t\t\t@media screen and (max-width: 767px) {\n\t\t\t\t#ct-space-69d9f453d920b .ct-space {\n\t\t\t\t\theight: 32px;\n\t\t\t\t}\n\t\t\t}\n\t\t\t<\/style>\n\t<div class=\"ct-space\"><\/div>\n<\/div>    <div class=\"ct-contact-form-default   style1\">\n        <div class=\"ct-contact-form-inner\">\n        \t            \n<div class=\"wpcf7 no-js\" id=\"wpcf7-f1915-o1\" lang=\"en-US\" dir=\"ltr\" data-wpcf7-id=\"1915\">\n<div class=\"screen-reader-response\"><p role=\"status\" aria-live=\"polite\" aria-atomic=\"true\"><\/p> <ul><\/ul><\/div>\n<form action=\"\/de\/wp-json\/wp\/v2\/pages\/254#wpcf7-f1915-o1\" method=\"post\" class=\"wpcf7-form init\" aria-label=\"Contact form\" novalidate=\"novalidate\" data-status=\"init\" data-trp-original-action=\"\/de\/wp-json\/wp\/v2\/pages\/254#wpcf7-f1915-o1\">\n<fieldset class=\"hidden-fields-container\"><input type=\"hidden\" name=\"_wpcf7\" value=\"1915\" \/><input type=\"hidden\" name=\"_wpcf7_version\" value=\"6.1.4\" \/><input type=\"hidden\" name=\"_wpcf7_locale\" value=\"en_US\" \/><input type=\"hidden\" name=\"_wpcf7_unit_tag\" value=\"wpcf7-f1915-o1\" \/><input type=\"hidden\" name=\"_wpcf7_container_post\" value=\"0\" \/><input type=\"hidden\" name=\"_wpcf7_posted_data_hash\" value=\"\" \/><input type=\"hidden\" name=\"_wpcf7_recaptcha_response\" value=\"\" \/>\n<\/fieldset>\n<div class=\"input-filled\">\n\t<p><span class=\"wpcf7-form-control-wrap\" data-name=\"jcl-nom\"><input size=\"40\" maxlength=\"400\" class=\"wpcf7-form-control wpcf7-text wpcf7-validates-as-required\" aria-required=\"true\" aria-invalid=\"false\" placeholder=\"Name\" value=\"\" type=\"text\" name=\"jcl-nom\" \/><\/span>\n\t<\/p>\n<\/div>\n<div class=\"input-filled\">\n\t<p><span class=\"wpcf7-form-control-wrap\" data-name=\"jcl-prenom\"><input size=\"40\" maxlength=\"400\" class=\"wpcf7-form-control wpcf7-text wpcf7-validates-as-required\" aria-required=\"true\" aria-invalid=\"false\" placeholder=\"Vorname\" value=\"\" type=\"text\" name=\"jcl-prenom\" \/><\/span>\n\t<\/p>\n<\/div>\n<div class=\"input-filled\">\n\t<p><span class=\"wpcf7-form-control-wrap\" data-name=\"jcl-email\"><input size=\"40\" maxlength=\"400\" class=\"wpcf7-form-control wpcf7-email wpcf7-validates-as-required wpcf7-text wpcf7-validates-as-email\" aria-required=\"true\" aria-invalid=\"false\" placeholder=\"Mail\" value=\"\" type=\"email\" name=\"jcl-email\" \/><\/span>\n\t<\/p>\n<\/div>\n<div class=\"input-filled\">\n\t<p><span class=\"wpcf7-form-control-wrap\" data-name=\"jcl-message\"><textarea cols=\"40\" rows=\"10\" maxlength=\"2000\" class=\"wpcf7-form-control wpcf7-textarea wpcf7-validates-as-required\" aria-required=\"true\" aria-invalid=\"false\" placeholder=\"Message\" name=\"jcl-message\"><\/textarea><\/span>\n\t<\/p>\n<\/div>\n<p><input class=\"wpcf7-form-control wpcf7-submit has-spinner btn\" type=\"submit\" value=\"Einreichen\" \/>\n<\/p><div class=\"wpcf7-response-output\" aria-hidden=\"true\"><\/div>\n<input type=\"hidden\" name=\"trp-form-language\" value=\"de\"\/><\/form>\n<\/div>\n        <\/div>\n    <\/div>\n<\/div><\/div><\/div><\/div><div id=\"ct-space-69d9f453db8e3\">\n\t<style type=\"text\/css\">\n\t\t\t\t\t@media screen and (min-width: 1200px) {\n\t\t\t\t#ct-space-69d9f453db8e3 .ct-space {\n\t\t\t\t\theight: 70px;\n\t\t\t\t}\n\t\t\t}\n\t\t\t\t\t\t\t@media (min-width: 992px) and (max-width: 1991px) {\n\t\t\t\t#ct-space-69d9f453db8e3 .ct-space {\n\t\t\t\t\theight: 70px;\n\t\t\t\t}\n\t\t\t}\n\t\t\t\t\t\t\t@media (min-width: 768px) and (max-width: 991px) {\n\t\t\t\t#ct-space-69d9f453db8e3 .ct-space {\n\t\t\t\t\theight: 70px;\n\t\t\t\t}\n\t\t\t}\n\t\t\t\t\t\t\t@media screen and (max-width: 767px) {\n\t\t\t\t#ct-space-69d9f453db8e3 .ct-space {\n\t\t\t\t\theight: 30px;\n\t\t\t\t}\n\t\t\t}\n\t\t\t<\/style>\n\t<div class=\"ct-space\"><\/div>\n<\/div><\/div><\/div><\/div><\/div><div data-vc-full-width=\"true\" data-vc-full-width-temp=\"true\" data-vc-full-width-init=\"false\" data-vc-stretch-content=\"true\" class=\"vc_row wpb_row vc_row-fluid vc_row-no-padding bg-image-ps-inherit\"><div class=\"wpb_column vc_column_container vc_col-sm-12\"><div class=\"vc_column-inner vc_custom_1545818776944\"><div class=\"wpb_wrapper\"><div class=\"wpb_gmaps_widget wpb_content_element vc_custom_1627388775256\"><div class=\"wpb_wrapper\"><div class=\"wpb_map_wraper\"><iframe src=\"https:\/\/www.google.com\/maps\/embed?pb=!1m18!1m12!1m3!1d2682.5827270909526!2d7.342462015824574!3d47.75075038600181!2m3!1f0!2f0!3f0!3m2!1i1024!2i768!4f13.1!3m3!1m2!1s0x47919ba03b6fa475%3A0x96cbcd846a8bc36!2sLoew%20Jean-Christophe!5e0!3m2!1sfr!2sfr!4v1627375756873!5m2!1sfr!2sfr\" width=\"600\" height=\"420\" style=\"border:0;\" allowfullscreen=\"\" loading=\"lazy\"><\/iframe><\/div><\/div><\/div><\/div><\/div><\/div><\/div><div class=\"vc_row-full-width vc_clearfix\"><\/div><div data-vc-full-width=\"true\" data-vc-full-width-temp=\"true\" data-vc-full-width-init=\"false\" data-vc-parallax=\"1.6\" data-vc-parallax-image=\"https:\/\/www.jcloew-avocat.fr\/wp-content\/uploads\/2021\/07\/banniere-avocat-1.jpg\" class=\"vc_row wpb_row vc_row-fluid vc_custom_1627389366274 vc_row-has-fill vc_general vc_parallax vc_parallax-content-moving row-overlay bg-image-ps-inherit\"><div class=\"wpb_column vc_column_container vc_col-sm-12\"><div class=\"vc_column-inner vc_custom_1627389315680\"><div class=\"wpb_wrapper\"><\/div><\/div><\/div><\/div><div class=\"vc_row-full-width vc_clearfix\"><\/div>\n<\/div>","protected":false},"excerpt":{"rendered":"Pour me contacter ou prendre rendez-vous Vous pouvez me contacter par mail, par t\u00e9l\u00e9phone ou en remplissant le formulaire de contact. 29 boulevard de l'Europe, Etage 8 68100 Mulhouse Voir sur la carte 09.88.51.69.28 jc-loew@orange.fr SIREN 441144128 TVA INTRACOMMUNAUTAIRE FR 92 441144128","protected":false},"author":1,"featured_media":0,"parent":0,"menu_order":0,"comment_status":"closed","ping_status":"closed","template":"","meta":{"footnotes":""},"class_list":["post-254","page","type-page","status-publish","hentry"],"yoast_head":"<!-- This site is optimized with the Yoast SEO plugin v27.3 - https:\/\/yoast.com\/product\/yoast-seo-wordpress\/ -->\n<title>Ma\u00eetre LOEW - Avocat au Barreau franco-suisse \u00e0 Mulhouse<\/title>\n<meta name=\"description\" content=\"Avocat au Barreau \u00e0 Mulhouse pour vos proc\u00e9dures en fran\u00e7ais et en suisse-allemand. Vous pouvez me contacter par mail ou par t\u00e9l\u00e9phone : 03 67 68 03 18\" \/>\n<meta name=\"robots\" content=\"index, follow, max-snippet:-1, max-image-preview:large, max-video-preview:-1\" \/>\n<link rel=\"canonical\" href=\"https:\/\/www.jcloew-avocat.fr\/de\/contactez-moi\/\" \/>\n<meta property=\"og:locale\" content=\"de_DE\" \/>\n<meta property=\"og:type\" content=\"article\" \/>\n<meta property=\"og:title\" content=\"Ma\u00eetre LOEW - Avocat au Barreau franco-suisse \u00e0 Mulhouse\" \/>\n<meta property=\"og:description\" content=\"Avocat au Barreau \u00e0 Mulhouse pour vos proc\u00e9dures en fran\u00e7ais et en suisse-allemand. Vous pouvez me contacter par mail ou par t\u00e9l\u00e9phone : 03 67 68 03 18\" \/>\n<meta property=\"og:url\" content=\"https:\/\/www.jcloew-avocat.fr\/de\/contactez-moi\/\" \/>\n<meta property=\"og:site_name\" content=\"Jean-Christophe LOEW - Avocat\" \/>\n<meta property=\"article:modified_time\" content=\"2025-01-07T18:01:56+00:00\" \/>\n<meta name=\"twitter:card\" content=\"summary_large_image\" \/>\n<meta name=\"twitter:label1\" content=\"Gesch\u00e4tzte Lesezeit\" \/>\n\t<meta name=\"twitter:data1\" content=\"1\u00a0Minute\" \/>\n<script type=\"application\/ld+json\" class=\"yoast-schema-graph\">{\"@context\":\"https:\\\/\\\/schema.org\",\"@graph\":[{\"@type\":\"WebPage\",\"@id\":\"https:\\\/\\\/www.jcloew-avocat.fr\\\/contactez-moi\\\/\",\"url\":\"https:\\\/\\\/www.jcloew-avocat.fr\\\/contactez-moi\\\/\",\"name\":\"Ma\u00eetre LOEW - Avocat au Barreau franco-suisse \u00e0 Mulhouse\",\"isPartOf\":{\"@id\":\"https:\\\/\\\/www.jcloew-avocat.fr\\\/#website\"},\"datePublished\":\"2018-12-25T02:42:49+00:00\",\"dateModified\":\"2025-01-07T18:01:56+00:00\",\"description\":\"Avocat au Barreau \u00e0 Mulhouse pour vos proc\u00e9dures en fran\u00e7ais et en suisse-allemand. Vous pouvez me contacter par mail ou par t\u00e9l\u00e9phone : 03 67 68 03 18\",\"breadcrumb\":{\"@id\":\"https:\\\/\\\/www.jcloew-avocat.fr\\\/contactez-moi\\\/#breadcrumb\"},\"inLanguage\":\"de\",\"potentialAction\":[{\"@type\":\"ReadAction\",\"target\":[\"https:\\\/\\\/www.jcloew-avocat.fr\\\/contactez-moi\\\/\"]}]},{\"@type\":\"BreadcrumbList\",\"@id\":\"https:\\\/\\\/www.jcloew-avocat.fr\\\/contactez-moi\\\/#breadcrumb\",\"itemListElement\":[{\"@type\":\"ListItem\",\"position\":1,\"name\":\"Accueil\",\"item\":\"https:\\\/\\\/www.jcloew-avocat.fr\\\/\"},{\"@type\":\"ListItem\",\"position\":2,\"name\":\"Contact\"}]},{\"@type\":\"WebSite\",\"@id\":\"https:\\\/\\\/www.jcloew-avocat.fr\\\/#website\",\"url\":\"https:\\\/\\\/www.jcloew-avocat.fr\\\/\",\"name\":\"Jean-Christophe LOEW - Avocat\",\"description\":\"Jean-Christophe LOEW, avocat au Barreau de Mulhouse\",\"potentialAction\":[{\"@type\":\"SearchAction\",\"target\":{\"@type\":\"EntryPoint\",\"urlTemplate\":\"https:\\\/\\\/www.jcloew-avocat.fr\\\/?s={search_term_string}\"},\"query-input\":{\"@type\":\"PropertyValueSpecification\",\"valueRequired\":true,\"valueName\":\"search_term_string\"}}],\"inLanguage\":\"de\"}]}<\/script>\n<!-- \/ Yoast SEO plugin. -->","yoast_head_json":{"title":"Ma\u00eetre LOEW - Avocat au Barreau franco-suisse \u00e0 Mulhouse","description":"Avocat au Barreau \u00e0 Mulhouse pour vos proc\u00e9dures en fran\u00e7ais et en suisse-allemand. Vous pouvez me contacter par mail ou par t\u00e9l\u00e9phone : 03 67 68 03 18","robots":{"index":"index","follow":"follow","max-snippet":"max-snippet:-1","max-image-preview":"max-image-preview:large","max-video-preview":"max-video-preview:-1"},"canonical":"https:\/\/www.jcloew-avocat.fr\/de\/contactez-moi\/","og_locale":"de_DE","og_type":"article","og_title":"Ma\u00eetre LOEW - Avocat au Barreau franco-suisse \u00e0 Mulhouse","og_description":"Avocat au Barreau \u00e0 Mulhouse pour vos proc\u00e9dures en fran\u00e7ais et en suisse-allemand. Vous pouvez me contacter par mail ou par t\u00e9l\u00e9phone : 03 67 68 03 18","og_url":"https:\/\/www.jcloew-avocat.fr\/de\/contactez-moi\/","og_site_name":"Jean-Christophe LOEW - Avocat","article_modified_time":"2025-01-07T18:01:56+00:00","twitter_card":"summary_large_image","twitter_misc":{"Gesch\u00e4tzte Lesezeit":"1\u00a0Minute"},"schema":{"@context":"https:\/\/schema.org","@graph":[{"@type":"WebPage","@id":"https:\/\/www.jcloew-avocat.fr\/contactez-moi\/","url":"https:\/\/www.jcloew-avocat.fr\/contactez-moi\/","name":"Ma\u00eetre LOEW - Avocat au Barreau franco-suisse \u00e0 Mulhouse","isPartOf":{"@id":"https:\/\/www.jcloew-avocat.fr\/#website"},"datePublished":"2018-12-25T02:42:49+00:00","dateModified":"2025-01-07T18:01:56+00:00","description":"Avocat au Barreau \u00e0 Mulhouse pour vos proc\u00e9dures en fran\u00e7ais et en suisse-allemand. Vous pouvez me contacter par mail ou par t\u00e9l\u00e9phone : 03 67 68 03 18","breadcrumb":{"@id":"https:\/\/www.jcloew-avocat.fr\/contactez-moi\/#breadcrumb"},"inLanguage":"de","potentialAction":[{"@type":"ReadAction","target":["https:\/\/www.jcloew-avocat.fr\/contactez-moi\/"]}]},{"@type":"BreadcrumbList","@id":"https:\/\/www.jcloew-avocat.fr\/contactez-moi\/#breadcrumb","itemListElement":[{"@type":"ListItem","position":1,"name":"Accueil","item":"https:\/\/www.jcloew-avocat.fr\/"},{"@type":"ListItem","position":2,"name":"Contact"}]},{"@type":"WebSite","@id":"https:\/\/www.jcloew-avocat.fr\/#website","url":"https:\/\/www.jcloew-avocat.fr\/","name":"Jean-Christophe LOEW - Rechstanwalt","description":"Jean-Christophe LOEW, Rechtsanwalt in M\u00fclhausen","potentialAction":[{"@type":"SearchAction","target":{"@type":"EntryPoint","urlTemplate":"https:\/\/www.jcloew-avocat.fr\/?s={search_term_string}"},"query-input":{"@type":"PropertyValueSpecification","valueRequired":true,"valueName":"search_term_string"}}],"inLanguage":"de"}]}},"_links":{"self":[{"href":"https:\/\/www.jcloew-avocat.fr\/de\/wp-json\/wp\/v2\/pages\/254","targetHints":{"allow":["GET"]}}],"collection":[{"href":"https:\/\/www.jcloew-avocat.fr\/de\/wp-json\/wp\/v2\/pages"}],"about":[{"href":"https:\/\/www.jcloew-avocat.fr\/de\/wp-json\/wp\/v2\/types\/page"}],"author":[{"embeddable":true,"href":"https:\/\/www.jcloew-avocat.fr\/de\/wp-json\/wp\/v2\/users\/1"}],"replies":[{"embeddable":true,"href":"https:\/\/www.jcloew-avocat.fr\/de\/wp-json\/wp\/v2\/comments?post=254"}],"version-history":[{"count":0,"href":"https:\/\/www.jcloew-avocat.fr\/de\/wp-json\/wp\/v2\/pages\/254\/revisions"}],"wp:attachment":[{"href":"https:\/\/www.jcloew-avocat.fr\/de\/wp-json\/wp\/v2\/media?parent=254"}],"curies":[{"name":"wp","href":"https:\/\/api.w.org\/{rel}","templated":true}]}}