{"id":232,"date":"2018-12-25T02:36:59","date_gmt":"2018-12-25T01:36:59","guid":{"rendered":"https:\/\/demo.casethemes.net\/lawsight\/?page_id=232"},"modified":"2022-03-28T11:20:50","modified_gmt":"2022-03-28T09:20:50","slug":"mes-competences","status":"publish","type":"page","link":"https:\/\/www.jcloew-avocat.fr\/de\/meine-fahigkeiten-2\/","title":{"rendered":"Kompetenz"},"content":{"rendered":"<div class=\"wpb-content-wrapper\"><div class=\"vc_row wpb_row vc_row-fluid bg-image-ps-inherit\"><div class=\"wpb_column vc_column_container vc_col-sm-12\"><div class=\"vc_column-inner vc_custom_1551582928509\"><div class=\"wpb_wrapper\"><div class=\"vc_row wpb_row vc_inner vc_row-fluid\"><div class=\"wpb_column vc_column_container vc_col-sm-3\"><div class=\"vc_column-inner\"><div class=\"wpb_wrapper\"><\/div><\/div><\/div><div class=\"wpb_column vc_column_container vc_col-sm-6 rm-padding-lg\"><div class=\"vc_column-inner vc_custom_1545964623807\"><div class=\"wpb_wrapper\"><div id=\"ct-heading\" class=\"ct-heading  style1 align-center align-center-md align-center-sm align-center-xs\">\n    \n            <style type=\"text\/css\">\n            @media (min-width: 768px) and (max-width: 991px) {\n                #ct-heading .ct-heading-tag {\n                                            font-size: 24px !important;\n                                                        }\n            }\n        <\/style>\n    \n            <style type=\"text\/css\">\n            @media screen and (max-width: 767px) {\n                #ct-heading .ct-heading-tag {\n                                            font-size: 24px !important;\n                                                        }\n            }\n        <\/style>\n                <div class=\"ct-heading-sub\" >\n            <span ><\/span>\n            Unsere Erfahrung        <\/div>\n            <h3 class=\"ct-heading-tag\" style=\"margin-bottom:0px; \">\n                                    Domaines de <cite>comp\u00e9tence<\/cite>                        <\/h3>\n            <div class=\"h-gap\">\n            <span>\n                <i ><\/i>\n                <i ><\/i>\n                <i ><\/i>\n                <i ><\/i>\n            <\/span>\n        <\/div>\n        <\/div><\/div><\/div><\/div><div class=\"wpb_column vc_column_container vc_col-sm-3\"><div class=\"vc_column-inner\"><div class=\"wpb_wrapper\"><\/div><\/div><\/div><\/div><div class=\"vc_empty_space\"   style=\"height: 63px\"><span class=\"vc_empty_space_inner\"><\/span><\/div>\n<div id=\"ct-service-grid\" class=\"ct-grid ct-grid-service-layout1\">\n\n    \n    <div class=\"ct-grid-inner ct-grid-masonry row\" data-gutter=\"15\">\n                    <div class=\"grid-sizer col-xl-6 col-lg-6 col-md-6 col-sm-6 col-xs-12\"><\/div>\n                                <div class=\"grid-item col-xl-6 col-lg-6 col-md-6 col-sm-6 col-xs-12\">\n                    <div class=\"grid-item-inner  wpb_animate_when_almost_visible wpb_fadeInUp fadeInUp\">\n                        <div class=\"grid-item-holder\" style=\"\">\n                                                            <div class=\"item-icon\">\n                                    <img decoding=\"async\" src=\"https:\/\/www.jcloew-avocat.fr\/wp-content\/uploads\/2021\/07\/icones-penal.png\" alt=\"Droit p\u00e9nal &#038; proc\u00e9dure p\u00e9nale\"\/>\n                                <\/div>\n                                                        <h3 class=\"item-title\" style=\"\">\n                                <a href=\"https:\/\/www.jcloew-avocat.fr\/de\/service\/droit-penal-procedure-penale\/\">Strafrecht<\/a>\n                            <\/h3>\n                                                            <div class=\"item-except\" style=\"\"><\/div>\n                                                    <\/div>\n                                            <\/div>\n                <\/div>\n                            <div class=\"grid-item col-xl-6 col-lg-6 col-md-6 col-sm-6 col-xs-12\">\n                    <div class=\"grid-item-inner  wpb_animate_when_almost_visible wpb_fadeInUp fadeInUp\">\n                        <div class=\"grid-item-holder\" style=\"\">\n                                                            <div class=\"item-icon\">\n                                    <img decoding=\"async\" src=\"https:\/\/www.jcloew-avocat.fr\/wp-content\/uploads\/2021\/07\/icones-famille.png\" alt=\"Familienrecht\"\/>\n                                <\/div>\n                                                        <h3 class=\"item-title\" style=\"\">\n                                <a href=\"https:\/\/www.jcloew-avocat.fr\/de\/service\/droit-de-la-famille\/\">Familienrecht<\/a>\n                            <\/h3>\n                                                            <div class=\"item-except\" style=\"\"><\/div>\n                                                    <\/div>\n                                            <\/div>\n                <\/div>\n                            <div class=\"grid-item col-xl-6 col-lg-6 col-md-6 col-sm-6 col-xs-12\">\n                    <div class=\"grid-item-inner  wpb_animate_when_almost_visible wpb_fadeInUp fadeInUp\">\n                        <div class=\"grid-item-holder\" style=\"\">\n                                                            <div class=\"item-icon\">\n                                    <img decoding=\"async\" src=\"https:\/\/www.jcloew-avocat.fr\/wp-content\/uploads\/2021\/07\/icones-travail.png\" alt=\"Arbeitsrecht\"\/>\n                                <\/div>\n                                                        <h3 class=\"item-title\" style=\"\">\n                                <a href=\"https:\/\/www.jcloew-avocat.fr\/de\/service\/droit-du-travail\/\">Arbeitsrecht<\/a>\n                            <\/h3>\n                                                            <div class=\"item-except\" style=\"\"><\/div>\n                                                    <\/div>\n                                            <\/div>\n                <\/div>\n                            <div class=\"grid-item col-xl-6 col-lg-6 col-md-6 col-sm-6 col-xs-12\">\n                    <div class=\"grid-item-inner  wpb_animate_when_almost_visible wpb_fadeInUp fadeInUp\">\n                        <div class=\"grid-item-holder\" style=\"\">\n                                                            <div class=\"item-icon\">\n                                    <img decoding=\"async\" src=\"https:\/\/www.jcloew-avocat.fr\/wp-content\/uploads\/2021\/07\/icones-contrat.png\" alt=\"Vertragsrecht\"\/>\n                                <\/div>\n                                                        <h3 class=\"item-title\" style=\"\">\n                                <a href=\"https:\/\/www.jcloew-avocat.fr\/de\/service\/droit-des-contrats\/\">Vertragsrecht<\/a>\n                            <\/h3>\n                                                            <div class=\"item-except\" style=\"\"><\/div>\n                                                    <\/div>\n                                            <\/div>\n                <\/div>\n                <\/div>\n\n        \n<\/div><\/div><\/div><\/div><\/div>\n<\/div>","protected":false},"excerpt":{"rendered":"accompagnement et indemnisation des\u00a0victimes\u00a0d\u2019infraction d\u00e9lits routiers, permis de conduire d\u00e9fense p\u00e9nale d\u2019urgence (assistance durant la garde \u00e0 vue, comparutions imm\u00e9diates) pratique habituelle des tribunaux correctionnels et de la cour d\u2019assises recherche et exploitation des vices et nullit\u00e9s de proc\u00e9dure","protected":false},"author":1,"featured_media":0,"parent":0,"menu_order":0,"comment_status":"closed","ping_status":"closed","template":"","meta":{"footnotes":""},"class_list":["post-232","page","type-page","status-publish","hentry"],"yoast_head":"<!-- This site is optimized with the Yoast SEO plugin v27.3 - https:\/\/yoast.com\/product\/yoast-seo-wordpress\/ -->\n<title>Mes domaines de comp\u00e9tences - Jean-Christophe LOEW Avocat<\/title>\n<meta name=\"description\" content=\"Je vous accompagne au cours de vos proc\u00e9dures en Droit p\u00e9nal, Droit de la Famille, Droit du travail et Droit des contrats sur Mulhouse et alentours.\" \/>\n<meta name=\"robots\" content=\"index, follow, max-snippet:-1, max-image-preview:large, max-video-preview:-1\" \/>\n<link rel=\"canonical\" href=\"https:\/\/www.jcloew-avocat.fr\/de\/mes-competences\/\" \/>\n<meta property=\"og:locale\" content=\"de_DE\" \/>\n<meta property=\"og:type\" content=\"article\" \/>\n<meta property=\"og:title\" content=\"Mes domaines de comp\u00e9tences - Jean-Christophe LOEW Avocat\" \/>\n<meta property=\"og:description\" content=\"Je vous accompagne au cours de vos proc\u00e9dures en Droit p\u00e9nal, Droit de la Famille, Droit du travail et Droit des contrats sur Mulhouse et alentours.\" \/>\n<meta property=\"og:url\" content=\"https:\/\/www.jcloew-avocat.fr\/de\/mes-competences\/\" \/>\n<meta property=\"og:site_name\" content=\"Jean-Christophe LOEW - Avocat\" \/>\n<meta property=\"article:modified_time\" content=\"2022-03-28T09:20:50+00:00\" \/>\n<meta name=\"twitter:card\" content=\"summary_large_image\" \/>\n<meta name=\"twitter:label1\" content=\"Gesch\u00e4tzte Lesezeit\" \/>\n\t<meta name=\"twitter:data1\" content=\"1\u00a0Minute\" \/>\n<script type=\"application\/ld+json\" class=\"yoast-schema-graph\">{\"@context\":\"https:\\\/\\\/schema.org\",\"@graph\":[{\"@type\":\"WebPage\",\"@id\":\"https:\\\/\\\/www.jcloew-avocat.fr\\\/mes-competences\\\/\",\"url\":\"https:\\\/\\\/www.jcloew-avocat.fr\\\/mes-competences\\\/\",\"name\":\"Mes domaines de comp\u00e9tences - Jean-Christophe LOEW Avocat\",\"isPartOf\":{\"@id\":\"https:\\\/\\\/www.jcloew-avocat.fr\\\/#website\"},\"datePublished\":\"2018-12-25T01:36:59+00:00\",\"dateModified\":\"2022-03-28T09:20:50+00:00\",\"description\":\"Je vous accompagne au cours de vos proc\u00e9dures en Droit p\u00e9nal, Droit de la Famille, Droit du travail et Droit des contrats sur Mulhouse et alentours.\",\"breadcrumb\":{\"@id\":\"https:\\\/\\\/www.jcloew-avocat.fr\\\/mes-competences\\\/#breadcrumb\"},\"inLanguage\":\"de\",\"potentialAction\":[{\"@type\":\"ReadAction\",\"target\":[\"https:\\\/\\\/www.jcloew-avocat.fr\\\/mes-competences\\\/\"]}]},{\"@type\":\"BreadcrumbList\",\"@id\":\"https:\\\/\\\/www.jcloew-avocat.fr\\\/mes-competences\\\/#breadcrumb\",\"itemListElement\":[{\"@type\":\"ListItem\",\"position\":1,\"name\":\"Accueil\",\"item\":\"https:\\\/\\\/www.jcloew-avocat.fr\\\/\"},{\"@type\":\"ListItem\",\"position\":2,\"name\":\"Mes comp\u00e9tences\"}]},{\"@type\":\"WebSite\",\"@id\":\"https:\\\/\\\/www.jcloew-avocat.fr\\\/#website\",\"url\":\"https:\\\/\\\/www.jcloew-avocat.fr\\\/\",\"name\":\"Jean-Christophe LOEW - Avocat\",\"description\":\"Jean-Christophe LOEW, avocat au Barreau de Mulhouse\",\"potentialAction\":[{\"@type\":\"SearchAction\",\"target\":{\"@type\":\"EntryPoint\",\"urlTemplate\":\"https:\\\/\\\/www.jcloew-avocat.fr\\\/?s={search_term_string}\"},\"query-input\":{\"@type\":\"PropertyValueSpecification\",\"valueRequired\":true,\"valueName\":\"search_term_string\"}}],\"inLanguage\":\"de\"}]}<\/script>\n<!-- \/ Yoast SEO plugin. -->","yoast_head_json":{"title":"Mes domaines de comp\u00e9tences - Jean-Christophe LOEW Avocat","description":"Je vous accompagne au cours de vos proc\u00e9dures en Droit p\u00e9nal, Droit de la Famille, Droit du travail et Droit des contrats sur Mulhouse et alentours.","robots":{"index":"index","follow":"follow","max-snippet":"max-snippet:-1","max-image-preview":"max-image-preview:large","max-video-preview":"max-video-preview:-1"},"canonical":"https:\/\/www.jcloew-avocat.fr\/de\/mes-competences\/","og_locale":"de_DE","og_type":"article","og_title":"Mes domaines de comp\u00e9tences - Jean-Christophe LOEW Avocat","og_description":"Je vous accompagne au cours de vos proc\u00e9dures en Droit p\u00e9nal, Droit de la Famille, Droit du travail et Droit des contrats sur Mulhouse et alentours.","og_url":"https:\/\/www.jcloew-avocat.fr\/de\/mes-competences\/","og_site_name":"Jean-Christophe LOEW - Avocat","article_modified_time":"2022-03-28T09:20:50+00:00","twitter_card":"summary_large_image","twitter_misc":{"Gesch\u00e4tzte Lesezeit":"1\u00a0Minute"},"schema":{"@context":"https:\/\/schema.org","@graph":[{"@type":"WebPage","@id":"https:\/\/www.jcloew-avocat.fr\/mes-competences\/","url":"https:\/\/www.jcloew-avocat.fr\/mes-competences\/","name":"Mes domaines de comp\u00e9tences - Jean-Christophe LOEW Avocat","isPartOf":{"@id":"https:\/\/www.jcloew-avocat.fr\/#website"},"datePublished":"2018-12-25T01:36:59+00:00","dateModified":"2022-03-28T09:20:50+00:00","description":"Je vous accompagne au cours de vos proc\u00e9dures en Droit p\u00e9nal, Droit de la Famille, Droit du travail et Droit des contrats sur Mulhouse et alentours.","breadcrumb":{"@id":"https:\/\/www.jcloew-avocat.fr\/mes-competences\/#breadcrumb"},"inLanguage":"de","potentialAction":[{"@type":"ReadAction","target":["https:\/\/www.jcloew-avocat.fr\/mes-competences\/"]}]},{"@type":"BreadcrumbList","@id":"https:\/\/www.jcloew-avocat.fr\/mes-competences\/#breadcrumb","itemListElement":[{"@type":"ListItem","position":1,"name":"Accueil","item":"https:\/\/www.jcloew-avocat.fr\/"},{"@type":"ListItem","position":2,"name":"Mes comp\u00e9tences"}]},{"@type":"WebSite","@id":"https:\/\/www.jcloew-avocat.fr\/#website","url":"https:\/\/www.jcloew-avocat.fr\/","name":"Jean-Christophe LOEW - Rechstanwalt","description":"Jean-Christophe LOEW, Rechtsanwalt in M\u00fclhausen","potentialAction":[{"@type":"SearchAction","target":{"@type":"EntryPoint","urlTemplate":"https:\/\/www.jcloew-avocat.fr\/?s={search_term_string}"},"query-input":{"@type":"PropertyValueSpecification","valueRequired":true,"valueName":"search_term_string"}}],"inLanguage":"de"}]}},"_links":{"self":[{"href":"https:\/\/www.jcloew-avocat.fr\/de\/wp-json\/wp\/v2\/pages\/232","targetHints":{"allow":["GET"]}}],"collection":[{"href":"https:\/\/www.jcloew-avocat.fr\/de\/wp-json\/wp\/v2\/pages"}],"about":[{"href":"https:\/\/www.jcloew-avocat.fr\/de\/wp-json\/wp\/v2\/types\/page"}],"author":[{"embeddable":true,"href":"https:\/\/www.jcloew-avocat.fr\/de\/wp-json\/wp\/v2\/users\/1"}],"replies":[{"embeddable":true,"href":"https:\/\/www.jcloew-avocat.fr\/de\/wp-json\/wp\/v2\/comments?post=232"}],"version-history":[{"count":0,"href":"https:\/\/www.jcloew-avocat.fr\/de\/wp-json\/wp\/v2\/pages\/232\/revisions"}],"wp:attachment":[{"href":"https:\/\/www.jcloew-avocat.fr\/de\/wp-json\/wp\/v2\/media?parent=232"}],"curies":[{"name":"wp","href":"https:\/\/api.w.org\/{rel}","templated":true}]}}