{"id":2244,"date":"2022-01-31T09:35:37","date_gmt":"2022-01-31T08:35:37","guid":{"rendered":"https:\/\/www.jcloew-avocat.fr\/?page_id=2244"},"modified":"2022-03-28T10:52:10","modified_gmt":"2022-03-28T08:52:10","slug":"pourquoi-consulter-un-avocat","status":"publish","type":"page","link":"https:\/\/www.jcloew-avocat.fr\/de\/pourquoi-consulter-un-avocat\/","title":{"rendered":"Wann lohnt sich der Beizug eines Anwalts ?"},"content":{"rendered":"<div class=\"wpb-content-wrapper\"><div class=\"vc_row wpb_row vc_row-fluid bg-image-ps-inherit\"><div class=\"wpb_column vc_column_container vc_col-sm-6\"><div class=\"vc_column-inner\"><div class=\"wpb_wrapper\"><div id=\"ct-heading\" class=\"ct-heading  style1 align-left align-left-md align-left-sm align-left-xs\">\n    \n    \n                <h3 class=\"ct-heading-tag\" >\n                                    Warum <cite>einen Anwalt konsultieren<\/cite> ?                        <\/h3>\n        <\/div><div id=\"ct-box-bg-69d9f86093350\" class=\"ct-box-bg bg-image\" style=\"background-image: url(https:\/\/www.jcloew-avocat.fr\/wp-content\/uploads\/2022\/01\/JC-Loew-avocat-1-scaled.jpg);\">\n    <style type=\"text\/css\">\n        \n            <\/style>\n    <\/div><\/div><\/div><\/div><div class=\"wpb_column vc_column_container vc_col-sm-6\"><div class=\"vc_column-inner\"><div class=\"wpb_wrapper\"><div class=\"vc_tta-container\" data-vc-action=\"collapse\"><div class=\"vc_general vc_tta vc_tta-accordion vc_tta-style-default vc_tta-o-shape-group\"><div class=\"vc_tta-panels-container\"><div class=\"vc_tta-panels\"><div class=\"vc_tta-panel vc_active\" id=\"1643618629676-65654af3-4764\" data-vc-content=\".vc_tta-panel-body\"><div class=\"vc_tta-panel-heading\"><h4 class=\"vc_tta-panel-title\"><a href=\"#1643618629676-65654af3-4764\" data-vc-accordion data-vc-container=\".vc_tta-container\"><span class=\"vc_tta-title-text\">F\u00fcr eine vorausschauende Beratung<\/span><\/a><\/h4><\/div><div class=\"vc_tta-panel-body\">\n\t<div class=\"wpb_text_column wpb_content_element\" >\n\t\t<div class=\"wpb_wrapper\">\n\t\t\t<p>Den Anwalt sollten Sie m\u00f6glichst fr\u00fchzeitig konsultieren, dann ist der Gestaltungsspielraum meist am gr\u00f6\u00dften. Fr\u00fchzeitig eingeholte Informationen und Ratschl\u00e4ge verhindern oft einen nervlich und finanziell belastenden Konflikt.<\/p>\n\n\t\t<\/div>\n\t<\/div>\n<\/div><\/div><div class=\"vc_tta-panel\" id=\"1643618629690-bf20a55c-e7c4\" data-vc-content=\".vc_tta-panel-body\"><div class=\"vc_tta-panel-heading\"><h4 class=\"vc_tta-panel-title\"><a href=\"#1643618629690-bf20a55c-e7c4\" data-vc-accordion data-vc-container=\".vc_tta-container\"><span class=\"vc_tta-title-text\">Bei vertraglichen Regelungen<\/span><\/a><\/h4><\/div><div class=\"vc_tta-panel-body\">\n\t<div class=\"wpb_text_column wpb_content_element\" >\n\t\t<div class=\"wpb_wrapper\">\n\t\t\t<p>Der Anwalt ber\u00e4t sie kompetent bei der Abfassung von Vertr\u00e4gen und verhilft Ihnen zu optimalen L\u00f6sungen. Gute Vertr\u00e4ge schaffen klare Verh\u00e4ltnisse und helfen, einen Streit zu verhindern.<\/p>\n\n\t\t<\/div>\n\t<\/div>\n<\/div><\/div><div class=\"vc_tta-panel\" id=\"1643618661393-a8a062fa-b6b8\" data-vc-content=\".vc_tta-panel-body\"><div class=\"vc_tta-panel-heading\"><h4 class=\"vc_tta-panel-title\"><a href=\"#1643618661393-a8a062fa-b6b8\" data-vc-accordion data-vc-container=\".vc_tta-container\"><span class=\"vc_tta-title-text\">Um Konflikte zu l\u00f6sen<\/span><\/a><\/h4><\/div><div class=\"vc_tta-panel-body\">\n\t<div class=\"wpb_text_column wpb_content_element\" >\n\t\t<div class=\"wpb_wrapper\">\n\t\t\t<p>Der Anwalt setzt sich f\u00fcr Sie ein und hilft, die Ausweitung eines bestehenden Streits zu verhindern und eine Einigung zu suchen.<\/p>\n\n\t\t<\/div>\n\t<\/div>\n<\/div><\/div><div class=\"vc_tta-panel\" id=\"1643618661972-63506307-7b99\" data-vc-content=\".vc_tta-panel-body\"><div class=\"vc_tta-panel-heading\"><h4 class=\"vc_tta-panel-title\"><a href=\"#1643618661972-63506307-7b99\" data-vc-accordion data-vc-container=\".vc_tta-container\"><span class=\"vc_tta-title-text\">Zur Vertretung vor Gerichten und Beh\u00f6rden<\/span><\/a><\/h4><\/div><div class=\"vc_tta-panel-body\">\n\t<div class=\"wpb_text_column wpb_content_element\" >\n\t\t<div class=\"wpb_wrapper\">\n\t\t\t<p>Der Anwalt verf\u00fcgt \u00fcber die notwendige Erfahrung, um f\u00fcr Sie die Verhandlungen zu f\u00fchren, Sie vor Gericht zu vertreten und sich f\u00fcr Sie bei Beh\u00f6rden und \u00c4mtern einzusetzen.<\/p>\n\n\t\t<\/div>\n\t<\/div>\n<\/div><\/div><div class=\"vc_tta-panel\" id=\"1643618740098-e61cd3a7-1d1d\" data-vc-content=\".vc_tta-panel-body\"><div class=\"vc_tta-panel-heading\"><h4 class=\"vc_tta-panel-title\"><a href=\"#1643618740098-e61cd3a7-1d1d\" data-vc-accordion data-vc-container=\".vc_tta-container\"><span class=\"vc_tta-title-text\">Anwaltsgeheimnis<\/span><\/a><\/h4><\/div><div class=\"vc_tta-panel-body\">\n\t<div class=\"wpb_text_column wpb_content_element\" >\n\t\t<div class=\"wpb_wrapper\">\n\t\t\t<p>Anw\u00e4lte sind von Gesetzes wegen zur Unabh\u00e4ngigkeit verpflichtet. Sie konzentrieren sich uneingeschr\u00e4nkt auf die L\u00f6sung der Probleme ihres Klienten und vertreten keine Interessen, die jenen ihrer Klientschaft entgegenlaufen. Aus der anwaltlichen Vertrauensstellung ergibt sich, dass s\u00e4mtliche Informationen der Klientschaft unter dem Schutz des Anwaltsgeheimnisses stehen, welches Anw\u00e4lte nicht nur zur absoluten Verschwiegenheit verpflichtet, sondern ihnen auch das Recht gibt, Ausk\u00fcnfte gegen\u00fcber Beh\u00f6rden und Dritten zu verweigern. Das zwischen Anwalt und Klientschaft bestehende Vertrauensverh\u00e4ltnis ist die ideale Voraussetzung f\u00fcr die optimale Beratung und Vertretung des Klienten. Unabh\u00e4ngigkeit, das Anwaltsgeheimnis und die Vertrauensstellung bieten Gew\u00e4hr, dass sich die Klientschaft ihrem Anwalt vorbehaltlos anvertrauen kann.<\/p>\n\n\t\t<\/div>\n\t<\/div>\n<\/div><\/div><\/div><\/div><\/div><\/div><\/div><\/div><\/div><\/div>\n<\/div>","protected":false},"excerpt":{"rendered":"Pourquoi consulter un avocat ? pour vous conseiller de mani\u00e8re pr\u00e9voyante Plus l\u2019avocat sera consult\u00e9 rapidement, plus sa marge de man\u0153uvre sera grande. Des informations ou des conseils juridiques donn\u00e9s \u00e0 un stade pr\u00e9coce emp\u00eachent souvent des conflits qui p\u00e8sent sur les plans financier et psychologique. Pour r\u00e9diger vos contrats L'avocat vous conseille avec comp\u00e9tence [...]","protected":false},"author":1,"featured_media":0,"parent":0,"menu_order":0,"comment_status":"closed","ping_status":"closed","template":"","meta":{"footnotes":""},"class_list":["post-2244","page","type-page","status-publish","hentry"],"yoast_head":"<!-- This site is optimized with the Yoast SEO plugin v27.3 - https:\/\/yoast.com\/product\/yoast-seo-wordpress\/ -->\n<title>Pourquoi faire appel \u00e0 un avocat et dans quels cas ?<\/title>\n<meta name=\"description\" content=\"Un avocat peut vous conseiller de mani\u00e8re pr\u00e9voyante, r\u00e9diger vos contrats, r\u00e9soudre vos conflits ou bien encore vous repr\u00e9senter devant les autorit\u00e9s judiciaires et administratives.\" \/>\n<meta name=\"robots\" content=\"index, follow, max-snippet:-1, max-image-preview:large, max-video-preview:-1\" \/>\n<link rel=\"canonical\" href=\"https:\/\/www.jcloew-avocat.fr\/de\/pourquoi-consulter-un-avocat\/\" \/>\n<meta property=\"og:locale\" content=\"de_DE\" \/>\n<meta property=\"og:type\" content=\"article\" \/>\n<meta property=\"og:title\" content=\"Pourquoi faire appel \u00e0 un avocat et dans quels cas ?\" \/>\n<meta property=\"og:description\" content=\"Un avocat peut vous conseiller de mani\u00e8re pr\u00e9voyante, r\u00e9diger vos contrats, r\u00e9soudre vos conflits ou bien encore vous repr\u00e9senter devant les autorit\u00e9s judiciaires et administratives.\" \/>\n<meta property=\"og:url\" content=\"https:\/\/www.jcloew-avocat.fr\/de\/pourquoi-consulter-un-avocat\/\" \/>\n<meta property=\"og:site_name\" content=\"Jean-Christophe LOEW - Avocat\" \/>\n<meta property=\"article:modified_time\" content=\"2022-03-28T08:52:10+00:00\" \/>\n<meta name=\"twitter:card\" content=\"summary_large_image\" \/>\n<meta name=\"twitter:label1\" content=\"Gesch\u00e4tzte Lesezeit\" \/>\n\t<meta name=\"twitter:data1\" content=\"2\u00a0Minuten\" \/>\n<script type=\"application\/ld+json\" class=\"yoast-schema-graph\">{\"@context\":\"https:\\\/\\\/schema.org\",\"@graph\":[{\"@type\":\"WebPage\",\"@id\":\"https:\\\/\\\/www.jcloew-avocat.fr\\\/pourquoi-consulter-un-avocat\\\/\",\"url\":\"https:\\\/\\\/www.jcloew-avocat.fr\\\/pourquoi-consulter-un-avocat\\\/\",\"name\":\"Pourquoi faire appel \u00e0 un avocat et dans quels cas ?\",\"isPartOf\":{\"@id\":\"https:\\\/\\\/www.jcloew-avocat.fr\\\/#website\"},\"datePublished\":\"2022-01-31T08:35:37+00:00\",\"dateModified\":\"2022-03-28T08:52:10+00:00\",\"description\":\"Un avocat peut vous conseiller de mani\u00e8re pr\u00e9voyante, r\u00e9diger vos contrats, r\u00e9soudre vos conflits ou bien encore vous repr\u00e9senter devant les autorit\u00e9s judiciaires et administratives.\",\"breadcrumb\":{\"@id\":\"https:\\\/\\\/www.jcloew-avocat.fr\\\/pourquoi-consulter-un-avocat\\\/#breadcrumb\"},\"inLanguage\":\"de\",\"potentialAction\":[{\"@type\":\"ReadAction\",\"target\":[\"https:\\\/\\\/www.jcloew-avocat.fr\\\/pourquoi-consulter-un-avocat\\\/\"]}]},{\"@type\":\"BreadcrumbList\",\"@id\":\"https:\\\/\\\/www.jcloew-avocat.fr\\\/pourquoi-consulter-un-avocat\\\/#breadcrumb\",\"itemListElement\":[{\"@type\":\"ListItem\",\"position\":1,\"name\":\"Accueil\",\"item\":\"https:\\\/\\\/www.jcloew-avocat.fr\\\/\"},{\"@type\":\"ListItem\",\"position\":2,\"name\":\"Pourquoi consulter un avocat\"}]},{\"@type\":\"WebSite\",\"@id\":\"https:\\\/\\\/www.jcloew-avocat.fr\\\/#website\",\"url\":\"https:\\\/\\\/www.jcloew-avocat.fr\\\/\",\"name\":\"Jean-Christophe LOEW - Avocat\",\"description\":\"Jean-Christophe LOEW, avocat au Barreau de Mulhouse\",\"potentialAction\":[{\"@type\":\"SearchAction\",\"target\":{\"@type\":\"EntryPoint\",\"urlTemplate\":\"https:\\\/\\\/www.jcloew-avocat.fr\\\/?s={search_term_string}\"},\"query-input\":{\"@type\":\"PropertyValueSpecification\",\"valueRequired\":true,\"valueName\":\"search_term_string\"}}],\"inLanguage\":\"de\"}]}<\/script>\n<!-- \/ Yoast SEO plugin. -->","yoast_head_json":{"title":"Pourquoi faire appel \u00e0 un avocat et dans quels cas ?","description":"Un avocat peut vous conseiller de mani\u00e8re pr\u00e9voyante, r\u00e9diger vos contrats, r\u00e9soudre vos conflits ou bien encore vous repr\u00e9senter devant les autorit\u00e9s judiciaires et administratives.","robots":{"index":"index","follow":"follow","max-snippet":"max-snippet:-1","max-image-preview":"max-image-preview:large","max-video-preview":"max-video-preview:-1"},"canonical":"https:\/\/www.jcloew-avocat.fr\/de\/pourquoi-consulter-un-avocat\/","og_locale":"de_DE","og_type":"article","og_title":"Pourquoi faire appel \u00e0 un avocat et dans quels cas ?","og_description":"Un avocat peut vous conseiller de mani\u00e8re pr\u00e9voyante, r\u00e9diger vos contrats, r\u00e9soudre vos conflits ou bien encore vous repr\u00e9senter devant les autorit\u00e9s judiciaires et administratives.","og_url":"https:\/\/www.jcloew-avocat.fr\/de\/pourquoi-consulter-un-avocat\/","og_site_name":"Jean-Christophe LOEW - Avocat","article_modified_time":"2022-03-28T08:52:10+00:00","twitter_card":"summary_large_image","twitter_misc":{"Gesch\u00e4tzte Lesezeit":"2\u00a0Minuten"},"schema":{"@context":"https:\/\/schema.org","@graph":[{"@type":"WebPage","@id":"https:\/\/www.jcloew-avocat.fr\/pourquoi-consulter-un-avocat\/","url":"https:\/\/www.jcloew-avocat.fr\/pourquoi-consulter-un-avocat\/","name":"Pourquoi faire appel \u00e0 un avocat et dans quels cas ?","isPartOf":{"@id":"https:\/\/www.jcloew-avocat.fr\/#website"},"datePublished":"2022-01-31T08:35:37+00:00","dateModified":"2022-03-28T08:52:10+00:00","description":"Un avocat peut vous conseiller de mani\u00e8re pr\u00e9voyante, r\u00e9diger vos contrats, r\u00e9soudre vos conflits ou bien encore vous repr\u00e9senter devant les autorit\u00e9s judiciaires et administratives.","breadcrumb":{"@id":"https:\/\/www.jcloew-avocat.fr\/pourquoi-consulter-un-avocat\/#breadcrumb"},"inLanguage":"de","potentialAction":[{"@type":"ReadAction","target":["https:\/\/www.jcloew-avocat.fr\/pourquoi-consulter-un-avocat\/"]}]},{"@type":"BreadcrumbList","@id":"https:\/\/www.jcloew-avocat.fr\/pourquoi-consulter-un-avocat\/#breadcrumb","itemListElement":[{"@type":"ListItem","position":1,"name":"Accueil","item":"https:\/\/www.jcloew-avocat.fr\/"},{"@type":"ListItem","position":2,"name":"Pourquoi consulter un avocat"}]},{"@type":"WebSite","@id":"https:\/\/www.jcloew-avocat.fr\/#website","url":"https:\/\/www.jcloew-avocat.fr\/","name":"Jean-Christophe LOEW - Rechstanwalt","description":"Jean-Christophe LOEW, Rechtsanwalt in M\u00fclhausen","potentialAction":[{"@type":"SearchAction","target":{"@type":"EntryPoint","urlTemplate":"https:\/\/www.jcloew-avocat.fr\/?s={search_term_string}"},"query-input":{"@type":"PropertyValueSpecification","valueRequired":true,"valueName":"search_term_string"}}],"inLanguage":"de"}]}},"_links":{"self":[{"href":"https:\/\/www.jcloew-avocat.fr\/de\/wp-json\/wp\/v2\/pages\/2244","targetHints":{"allow":["GET"]}}],"collection":[{"href":"https:\/\/www.jcloew-avocat.fr\/de\/wp-json\/wp\/v2\/pages"}],"about":[{"href":"https:\/\/www.jcloew-avocat.fr\/de\/wp-json\/wp\/v2\/types\/page"}],"author":[{"embeddable":true,"href":"https:\/\/www.jcloew-avocat.fr\/de\/wp-json\/wp\/v2\/users\/1"}],"replies":[{"embeddable":true,"href":"https:\/\/www.jcloew-avocat.fr\/de\/wp-json\/wp\/v2\/comments?post=2244"}],"version-history":[{"count":0,"href":"https:\/\/www.jcloew-avocat.fr\/de\/wp-json\/wp\/v2\/pages\/2244\/revisions"}],"wp:attachment":[{"href":"https:\/\/www.jcloew-avocat.fr\/de\/wp-json\/wp\/v2\/media?parent=2244"}],"curies":[{"name":"wp","href":"https:\/\/api.w.org\/{rel}","templated":true}]}}